{"id":499,"date":"2026-04-28T08:15:39","date_gmt":"2026-04-28T08:15:39","guid":{"rendered":"https:\/\/coresparkbattery.com\/new-agv-forklift-lifepo4-battery-24v-100ah-lithium-battery-51-2v-460ah-600ah-lithium-battery-for-autonomous-navigation-forklift\/"},"modified":"2026-04-28T10:05:28","modified_gmt":"2026-04-28T10:05:28","slug":"new-agv-forklift-lifepo4-battery-24v-100ah-lithium-battery-51-2v-460ah-600ah-lithium-battery-for-autonomous-navigation-forklift","status":"publish","type":"product","link":"https:\/\/coresparkbattery.com\/de\/new-agv-forklift-lifepo4-battery-24v-100ah-lithium-battery-51-2v-460ah-600ah-lithium-battery-for-autonomous-navigation-forklift\/","title":{"rendered":"NEW AGV Gabelstapler LifePo4 Batterie 24V 100Ah Lithium Batterie 51.2V 460Ah 600Ah Lithium Batterie f\u00fcr Autonome Navigation Gabelstapler"},"content":{"rendered":"<p>LiFePO4-Gabelstapler-Batterie<br \/>\nDiese Lithium-Eisen-Phosphat-Gabelstaplerbatterie mit Hochleistungs-LiFePO4-Kathodenmaterial bietet eine au\u00dfergew\u00f6hnliche Zyklenlebensdauer von bis zu 4000-5000 Zyklen f\u00fcr den langfristigen industriellen Einsatz. Sie unterst\u00fctzt einen weiten Betriebstemperaturbereich von -20\u2103 bis 55\u2103 (-4\u2109 bis 131\u2109) und gew\u00e4hrleistet eine stabile Leistung in verschiedenen Arbeitsumgebungen. Das Akkupaket kann maximal 32 Zellen aufnehmen und ist in verschiedenen Spannungsvarianten erh\u00e4ltlich: 24 V, 36 V, 48 V, 60 V, 70 V, 72 V und 80 V.<br \/>\nAlle Spezifikationen, einschlie\u00dflich Abmessungen (LWH) und Gewicht, sind vollst\u00e4ndig anpassbar an verschiedene Gabelstaplermodelle. OEM- und ODM-Services werden mit einer niedrigen MOQ von 2 St\u00fcck akzeptiert. Die Batterie ist wiederaufladbar, wartungsfrei und wird durch eine 5-Jahres-Garantie f\u00fcr zuverl\u00e4ssige industrielle Anwendungen unterst\u00fctzt.<\/p>","protected":false},"excerpt":{"rendered":"<p>24V Gabelstapler-Batterie-Pack, Industrie-Gabelstapler-Batterie-Pack, Gro\u00dfhandel Gabelstapler-Batterie-Pack, Gabelstapler-Batterie-Pack deep cycle<\/p>","protected":false},"featured_media":868,"template":"","meta":{"_gspb_post_css":""},"product_brand":[],"product_cat":[491],"product_tag":[283,286,284,285],"class_list":{"0":"post-499","1":"product","2":"type-product","3":"status-publish","4":"has-post-thumbnail","6":"product_cat-forklift-battery-pack","7":"product_tag-24v-forklift-battery-pack","8":"product_tag-forklift-battery-pack-deep-cycle","9":"product_tag-industrial-forklift-battery-pack","10":"product_tag-wholesale-forklift-battery-pack","12":"first","13":"instock","14":"featured","15":"shipping-taxable","16":"product-type-simple"},"_links":{"self":[{"href":"https:\/\/coresparkbattery.com\/de\/wp-json\/wp\/v2\/product\/499","targetHints":{"allow":["GET"]}}],"collection":[{"href":"https:\/\/coresparkbattery.com\/de\/wp-json\/wp\/v2\/product"}],"about":[{"href":"https:\/\/coresparkbattery.com\/de\/wp-json\/wp\/v2\/types\/product"}],"wp:featuredmedia":[{"embeddable":true,"href":"https:\/\/coresparkbattery.com\/de\/wp-json\/wp\/v2\/media\/868"}],"wp:attachment":[{"href":"https:\/\/coresparkbattery.com\/de\/wp-json\/wp\/v2\/media?parent=499"}],"wp:term":[{"taxonomy":"product_brand","embeddable":true,"href":"https:\/\/coresparkbattery.com\/de\/wp-json\/wp\/v2\/product_brand?post=499"},{"taxonomy":"product_cat","embeddable":true,"href":"https:\/\/coresparkbattery.com\/de\/wp-json\/wp\/v2\/product_cat?post=499"},{"taxonomy":"product_tag","embeddable":true,"href":"https:\/\/coresparkbattery.com\/de\/wp-json\/wp\/v2\/product_tag?post=499"}],"curies":[{"name":"wp","href":"https:\/\/api.w.org\/{rel}","templated":true}]}}