{"id":498,"date":"2026-04-28T08:15:39","date_gmt":"2026-04-28T08:15:39","guid":{"rendered":"https:\/\/coresparkbattery.com\/12v-460ah-12v-230ah-lifepo4-battery-pack-12-8v-230ah-lithium-battery-pack-for-rv-for-uninterruptible-power-supplies\/"},"modified":"2026-04-28T10:00:18","modified_gmt":"2026-04-28T10:00:18","slug":"12v-460ah-12v-230ah-lifepo4-battery-pack-12-8v-230ah-lithium-battery-pack-for-rv-for-uninterruptible-power-supplies","status":"publish","type":"product","link":"https:\/\/coresparkbattery.com\/de\/12v-460ah-12v-230ah-lifepo4-battery-pack-12-8v-230ah-lithium-battery-pack-for-rv-for-uninterruptible-power-supplies\/","title":{"rendered":"12V 460Ah 12V 230AH Lifepo4 Batterie Pack 12.8V 230AH Lithium Batterie Pack f\u00fcr Wohnmobil f\u00fcr unterbrechungsfreie Stromversorgungen"},"content":{"rendered":"<p>V\u00f6llig neues Design, Rundum-Sicherheit<br \/>\nDie 460-Ah-Lithium-Wohnmobilbatterie ist dank des neu eingef\u00fchrten hochwertigen SPCC-Batteriegeh\u00e4uses verschlei\u00dffest und langlebig, und wir haben das interne Layout und die Konstruktion optimiert. Die Batterie ist au\u00dferdem mit einem Hauptschalter ausgestattet, mit dem sie auf Knopfdruck ein- und ausgeschaltet werden kann. Auf der Oberseite befinden sich ein Thermometer und ein Hygrometer, die die Temperatur und Luftfeuchtigkeit der Batterie in Echtzeit anzeigen.<\/p>\n<p>Kompakt in der Gr\u00f6\u00dfe Max on Power<br \/>\nDie 12V 460Ah LiFePO4 Wohnmobilbatterie entspricht der Energie von 5 x 100Ah Batterien, nimmt aber nur 1,1ft\u00b3 Platz ein und ist kleiner als 5x100ah Batterien. Au\u00dferdem ist sie einfacher zu warten und zu installieren, ohne dass \u00fcberm\u00e4\u00dfige Kabel und Geld ben\u00f6tigt werden. Hilft Ihnen, Geld und Platz zu sparen.<\/p>","protected":false},"excerpt":{"rendered":"<p>12V LiFePO4 Wohnmobilbatterie f\u00fcr Sattelschlepper, 12V LiFePO4 Wohnmobilbatterie f\u00fcr netzunabh\u00e4ngige H\u00fctten und Wohnmobile, 12V LiFePO4 Wohnmobilbatterie f\u00fcr Hochleistungsger\u00e4te, 12V LiFePO4 Wohnmobilbatterie zu verkaufen<\/p>","protected":false},"featured_media":863,"template":"","meta":{"_gspb_post_css":""},"product_brand":[],"product_cat":[494,493,492],"product_tag":[279,281,280,282],"class_list":{"0":"post-498","1":"product","2":"type-product","3":"status-publish","4":"has-post-thumbnail","6":"product_cat-12v-lifepo4-battery","7":"product_cat-12v-rv-lifepo4-battery","8":"product_cat-rv-lifepo4-battery","9":"product_tag-12v-lifepo4-rv-battery-for-fifth-wheel-trailer","10":"product_tag-12v-lifepo4-rv-battery-for-high-power-appliances","11":"product_tag-12v-lifepo4-rv-battery-for-off-grid-cabin-and-rv","12":"product_tag-12v-lifepo4-rv-battery-for-sale","14":"first","15":"instock","16":"featured","17":"shipping-taxable","18":"product-type-simple"},"_links":{"self":[{"href":"https:\/\/coresparkbattery.com\/de\/wp-json\/wp\/v2\/product\/498","targetHints":{"allow":["GET"]}}],"collection":[{"href":"https:\/\/coresparkbattery.com\/de\/wp-json\/wp\/v2\/product"}],"about":[{"href":"https:\/\/coresparkbattery.com\/de\/wp-json\/wp\/v2\/types\/product"}],"wp:featuredmedia":[{"embeddable":true,"href":"https:\/\/coresparkbattery.com\/de\/wp-json\/wp\/v2\/media\/863"}],"wp:attachment":[{"href":"https:\/\/coresparkbattery.com\/de\/wp-json\/wp\/v2\/media?parent=498"}],"wp:term":[{"taxonomy":"product_brand","embeddable":true,"href":"https:\/\/coresparkbattery.com\/de\/wp-json\/wp\/v2\/product_brand?post=498"},{"taxonomy":"product_cat","embeddable":true,"href":"https:\/\/coresparkbattery.com\/de\/wp-json\/wp\/v2\/product_cat?post=498"},{"taxonomy":"product_tag","embeddable":true,"href":"https:\/\/coresparkbattery.com\/de\/wp-json\/wp\/v2\/product_tag?post=498"}],"curies":[{"name":"wp","href":"https:\/\/api.w.org\/{rel}","templated":true}]}}