{"id":497,"date":"2026-04-28T08:15:39","date_gmt":"2026-04-28T08:15:39","guid":{"rendered":"https:\/\/coresparkbattery.com\/12v-460ah-lithium-lifepo4-battery-with-app-monitoring-300a-bms-max-3840w-load-power-5000-cycles-perfect-for-camper-solar\/"},"modified":"2026-04-28T09:59:20","modified_gmt":"2026-04-28T09:59:20","slug":"12v-460ah-lithium-lifepo4-battery-with-app-monitoring-300a-bms-max-3840w-load-power-5000-cycles-perfect-for-camper-solar","status":"publish","type":"product","link":"https:\/\/coresparkbattery.com\/de\/12v-460ah-lithium-lifepo4-battery-with-app-monitoring-300a-bms-max-3840w-load-power-5000-cycles-perfect-for-camper-solar\/","title":{"rendered":"12V 460Ah Lithium LiFePO4 Batterie mit App \u00dcberwachung 300A BMS Max. 3840W Lastleistung 5000+ Zyklen Perfekt f\u00fcr Camper Solar"},"content":{"rendered":"<p>Modellnummer 12V 230AH<br \/>\nHerkunftsort Guangdong, China<br \/>\nGewicht 47.5KG<br \/>\nProduktname 12v 230ah Lifepo4 Batterie f\u00fcr Wohnmobil<br \/>\nLebensdauer 5000 Mal pro Zyklus<br \/>\nGewicht 27,1 kg<br \/>\nOEM\/ODM annehmbar<br \/>\nMOQ 2 St\u00fcck<br \/>\nTyp Lithium-Eisen-Phosphat-Akku<br \/>\nOEM Lieferbar<br \/>\nKostenpflichtig Ja<br \/>\nGarantie 5 Jahre<br \/>\nGr\u00f6\u00dfe 423*233*247mm<\/p>","protected":false},"excerpt":{"rendered":"<p>12V LiFePO4 Wohnmobilbatterie f\u00fcr Wohnmobile der Klasse B, 12V LiFePO4 Wohnmobilbatterie f\u00fcr Marine und Wohnmobil, 12V LiFePO4 Wohnmobilbatterie f\u00fcr den saisonalen Einsatz, zuverl\u00e4ssige 12V LiFePO4 Wohnmobilbatterie<\/p>","protected":false},"featured_media":858,"template":"","meta":{"_gspb_post_css":""},"product_brand":[],"product_cat":[494,493,492],"product_tag":[275,276,277,278],"class_list":{"0":"post-497","1":"product","2":"type-product","3":"status-publish","4":"has-post-thumbnail","6":"product_cat-12v-lifepo4-battery","7":"product_cat-12v-rv-lifepo4-battery","8":"product_cat-rv-lifepo4-battery","9":"product_tag-12v-lifepo4-rv-battery-for-class-b-camper-van","10":"product_tag-12v-lifepo4-rv-battery-for-marine-and-rv-use","11":"product_tag-12v-lifepo4-rv-battery-for-seasonal-use","12":"product_tag-reliable-12v-lifepo4-rv-battery","14":"first","15":"instock","16":"featured","17":"shipping-taxable","18":"product-type-simple"},"_links":{"self":[{"href":"https:\/\/coresparkbattery.com\/de\/wp-json\/wp\/v2\/product\/497","targetHints":{"allow":["GET"]}}],"collection":[{"href":"https:\/\/coresparkbattery.com\/de\/wp-json\/wp\/v2\/product"}],"about":[{"href":"https:\/\/coresparkbattery.com\/de\/wp-json\/wp\/v2\/types\/product"}],"wp:featuredmedia":[{"embeddable":true,"href":"https:\/\/coresparkbattery.com\/de\/wp-json\/wp\/v2\/media\/858"}],"wp:attachment":[{"href":"https:\/\/coresparkbattery.com\/de\/wp-json\/wp\/v2\/media?parent=497"}],"wp:term":[{"taxonomy":"product_brand","embeddable":true,"href":"https:\/\/coresparkbattery.com\/de\/wp-json\/wp\/v2\/product_brand?post=497"},{"taxonomy":"product_cat","embeddable":true,"href":"https:\/\/coresparkbattery.com\/de\/wp-json\/wp\/v2\/product_cat?post=497"},{"taxonomy":"product_tag","embeddable":true,"href":"https:\/\/coresparkbattery.com\/de\/wp-json\/wp\/v2\/product_tag?post=497"}],"curies":[{"name":"wp","href":"https:\/\/api.w.org\/{rel}","templated":true}]}}