{"id":496,"date":"2026-04-28T08:15:38","date_gmt":"2026-04-28T08:15:38","guid":{"rendered":"https:\/\/coresparkbattery.com\/deep-cycle-12v-460ah-lifepo4-100ah-200ah-300ah-400ah-12volt-solar-lithium-lifepo4-battery-with-smart-bms-for-rv-camper-boat\/"},"modified":"2026-04-28T09:58:05","modified_gmt":"2026-04-28T09:58:05","slug":"deep-cycle-12v-460ah-lifepo4-100ah-200ah-300ah-400ah-12volt-solar-lithium-lifepo4-battery-with-smart-bms-for-rv-camper-boat","status":"publish","type":"product","link":"https:\/\/coresparkbattery.com\/de\/deep-cycle-12v-460ah-lifepo4-100ah-200ah-300ah-400ah-12volt-solar-lithium-lifepo4-battery-with-smart-bms-for-rv-camper-boat\/","title":{"rendered":"Deep Cycle 12v 460ah Lifepo4 100ah 200ah 300ah 400ah 12volt Solar Lithium Lifepo4 Batterie mit Smart Bms f\u00fcr Rv Camper Boot"},"content":{"rendered":"<p>Max. 51.2V 1840Ah erweiterbare Kapazit\u00e4t &amp; 5 Jahre Garantie<br \/>\nLithium-Eisen-Phosphat-Batterie 12V 460Ah LiFePO4-Batterien k\u00f6nnen auf max erweitert werden. 4P4S als ein 51.2V 1840Ah Batteriesystem, um 51.2kW Ausgangsleistung und 94.2kWh nutzbare Energie zu erhalten.Vatrer Power bietet eine f\u00fcnfj\u00e4hrige Garantie f\u00fcr alle Batterien. 24 Stunden freundliche und professionelle Kundenbetreuung, jede Frage f\u00fchlen sich bitte frei, uns zu kontaktieren.<\/p>\n<p>Mobile APP-\u00dcberwachung<br \/>\n12V 460Ah RV Batterie hat eine APP-Funktion hinzugef\u00fcgt. Kunden k\u00f6nnen die Batterie durch Mobile APP verbinden, \u00fcberwachen oder steuern die Batterie verschiedene Daten (SOC) in Echtzeit.<\/p>","protected":false},"excerpt":{"rendered":"<p>12V LiFePO4 Wohnmobil-Akku wasserdicht IP65, 12V LiFePO4 Wohnmobil-Akku geringe Selbstentladung, 12V LiFePO4 Wohnmobil-Akku sicher f\u00fcr den Innenbereich, 12V LiFePO4 Wohnmobil-Akku umweltfreundlich keine Schwermetalle<\/p>","protected":false},"featured_media":853,"template":"","meta":{"_gspb_post_css":""},"product_brand":[],"product_cat":[494,493,492],"product_tag":[274,272,273,271],"class_list":{"0":"post-496","1":"product","2":"type-product","3":"status-publish","4":"has-post-thumbnail","6":"product_cat-12v-lifepo4-battery","7":"product_cat-12v-rv-lifepo4-battery","8":"product_cat-rv-lifepo4-battery","9":"product_tag-12v-lifepo4-rv-battery-eco-friendly-no-heavy-metals","10":"product_tag-12v-lifepo4-rv-battery-low-self-discharge-rate","11":"product_tag-12v-lifepo4-rv-battery-safe-for-indoor-use","12":"product_tag-12v-lifepo4-rv-battery-waterproof-ip65","14":"first","15":"instock","16":"featured","17":"shipping-taxable","18":"product-type-simple"},"_links":{"self":[{"href":"https:\/\/coresparkbattery.com\/de\/wp-json\/wp\/v2\/product\/496","targetHints":{"allow":["GET"]}}],"collection":[{"href":"https:\/\/coresparkbattery.com\/de\/wp-json\/wp\/v2\/product"}],"about":[{"href":"https:\/\/coresparkbattery.com\/de\/wp-json\/wp\/v2\/types\/product"}],"wp:featuredmedia":[{"embeddable":true,"href":"https:\/\/coresparkbattery.com\/de\/wp-json\/wp\/v2\/media\/853"}],"wp:attachment":[{"href":"https:\/\/coresparkbattery.com\/de\/wp-json\/wp\/v2\/media?parent=496"}],"wp:term":[{"taxonomy":"product_brand","embeddable":true,"href":"https:\/\/coresparkbattery.com\/de\/wp-json\/wp\/v2\/product_brand?post=496"},{"taxonomy":"product_cat","embeddable":true,"href":"https:\/\/coresparkbattery.com\/de\/wp-json\/wp\/v2\/product_cat?post=496"},{"taxonomy":"product_tag","embeddable":true,"href":"https:\/\/coresparkbattery.com\/de\/wp-json\/wp\/v2\/product_tag?post=496"}],"curies":[{"name":"wp","href":"https:\/\/api.w.org\/{rel}","templated":true}]}}