{"id":495,"date":"2026-04-28T08:15:38","date_gmt":"2026-04-28T08:15:38","guid":{"rendered":"https:\/\/coresparkbattery.com\/12v-460ah-camper-van-lifepo4-battery-24v-100ah-200ah-300ah-lithium-ion-battery-with-smart-bms-for-rv-motorhomes\/"},"modified":"2026-04-28T09:56:47","modified_gmt":"2026-04-28T09:56:47","slug":"12v-460ah-camper-van-lifepo4-battery-24v-100ah-200ah-300ah-lithium-ion-battery-with-smart-bms-for-rv-motorhomes","status":"publish","type":"product","link":"https:\/\/coresparkbattery.com\/de\/12v-460ah-camper-van-lifepo4-battery-24v-100ah-200ah-300ah-lithium-ion-battery-with-smart-bms-for-rv-motorhomes\/","title":{"rendered":"12V 460ah Wohnmobil Lifepo4 Batterie 24V 100ah 200ah 300ah Lithium Ionen Batterie mit Smart BMS f\u00fcr Wohnmobile Wohnwagen"},"content":{"rendered":"<p>Aufger\u00fcstetes 250A BMS und Low Temp Cutoff<br \/>\nNach jahrelanger Forschung und Erprobung haben wir Zellen der G\u00fcteklasse A verwendet, die f\u00fcr den Einsatz in Wohnmobilen und Wohnwagen besser geeignet sind und der Batterie bei jedem Zyklus eine starke und stabile Leistung verleihen. Machen Sie Ihre Reise problemlos. Und der Schutz bei niedrigen Temperaturen verhindert eine Besch\u00e4digung der Batterie bei niedrigen Temperaturen.<\/p>\n<p>Sicherheit und Umweltfreundlichkeit<br \/>\nDank der stabilen chemischen Struktur von Lithium-Eisen-Phosphat brennt oder explodiert der 460Ah LiFePO4-Akku auch bei hohen Temperaturen, Kurzschl\u00fcssen, St\u00f6\u00dfen und St\u00fcrzen nicht. H\u00f6chste Sicherheit basierend auf dem UL-Testzertifikat f\u00fcr die Zelle im Inneren der Batterie. Und es enth\u00e4lt keine Schwermetalle und seltene Metalle und ist umweltfreundlicher, die gr\u00fcne Batterie genannt.<\/p>","protected":false},"excerpt":{"rendered":"<p>12V LiFePO4 RV-Batterie f\u00fcr RV-K\u00fchlschrank 12V, 12V LiFePO4 RV-Batterie f\u00fcr Vollzeit-Wohnmobil, 12V LiFePO4 RV-Batterie wartungsfrei, 12V LiFePO4 RV-Batterie 10 Jahre Lebensdauer<\/p>","protected":false},"featured_media":848,"template":"","meta":{"_gspb_post_css":""},"product_brand":[],"product_cat":[494,493,499,498,492],"product_tag":[270,269,268,236],"class_list":{"0":"post-495","1":"product","2":"type-product","3":"status-publish","4":"has-post-thumbnail","6":"product_cat-12v-lifepo4-battery","7":"product_cat-12v-rv-lifepo4-battery","8":"product_cat-24v-lifepo4-battery","9":"product_cat-24v-rv-lifepo4-battery","10":"product_cat-rv-lifepo4-battery","11":"product_tag-12v-lifepo4-rv-battery-10-year-life","12":"product_tag-12v-lifepo4-rv-battery-for-full-time-rv-living","13":"product_tag-12v-lifepo4-rv-battery-for-rv-fridge-12v","14":"product_tag-12v-lifepo4-rv-battery-maintenance-free","16":"first","17":"instock","18":"featured","19":"shipping-taxable","20":"product-type-simple"},"_links":{"self":[{"href":"https:\/\/coresparkbattery.com\/de\/wp-json\/wp\/v2\/product\/495","targetHints":{"allow":["GET"]}}],"collection":[{"href":"https:\/\/coresparkbattery.com\/de\/wp-json\/wp\/v2\/product"}],"about":[{"href":"https:\/\/coresparkbattery.com\/de\/wp-json\/wp\/v2\/types\/product"}],"wp:featuredmedia":[{"embeddable":true,"href":"https:\/\/coresparkbattery.com\/de\/wp-json\/wp\/v2\/media\/848"}],"wp:attachment":[{"href":"https:\/\/coresparkbattery.com\/de\/wp-json\/wp\/v2\/media?parent=495"}],"wp:term":[{"taxonomy":"product_brand","embeddable":true,"href":"https:\/\/coresparkbattery.com\/de\/wp-json\/wp\/v2\/product_brand?post=495"},{"taxonomy":"product_cat","embeddable":true,"href":"https:\/\/coresparkbattery.com\/de\/wp-json\/wp\/v2\/product_cat?post=495"},{"taxonomy":"product_tag","embeddable":true,"href":"https:\/\/coresparkbattery.com\/de\/wp-json\/wp\/v2\/product_tag?post=495"}],"curies":[{"name":"wp","href":"https:\/\/api.w.org\/{rel}","templated":true}]}}