{"id":490,"date":"2026-04-28T08:15:37","date_gmt":"2026-04-28T08:15:37","guid":{"rendered":"https:\/\/coresparkbattery.com\/deep-cycle-12v-24v-100ah-200ah-lifepo4-battery-pack-with-100a-200a-discharge-rate-lithium-iron-phosphate-energy-storage\/"},"modified":"2026-04-28T09:51:39","modified_gmt":"2026-04-28T09:51:39","slug":"deep-cycle-12v-24v-100ah-200ah-lifepo4-battery-pack-with-100a-200a-discharge-rate-lithium-iron-phosphate-energy-storage","status":"publish","type":"product","link":"https:\/\/coresparkbattery.com\/de\/deep-cycle-12v-24v-100ah-200ah-lifepo4-battery-pack-with-100a-200a-discharge-rate-lithium-iron-phosphate-energy-storage\/","title":{"rendered":"Deep Cycle 12v 24v 100ah 200ah Lifepo4 Batterie Pack mit 100A 200A Entladerate Lithium Eisen Phosphat Energiespeicher"},"content":{"rendered":"<p>Fortschrittliche Lithium-Eisen-Technologie<br \/>\n24V 100Ah Lithium-Batterie, hergestellt aus Automotive Grade LiFePO4-Zellen mit h\u00f6herer Energiedichte, stabilerer Leistung und<br \/>\nmehr Leistung. Ausgezeichnete Zyklusleistung, schnelles Laden und Entladen, Ladeeffizienz bis zu 100% und hohe Ausgangsleistung. Ohne Memory-Effekt, egal in welchem Zustand die Batterie ist, kann sie sofort nach dem Aufladen verwendet werden. Unterst\u00fctzt die Erweiterung auf bis zu 2 Serien und 4 Parallelschaltungen und eignet sich f\u00fcr die Speicherung von elektrischer Energie.<\/p>\n<p>Au\u00dfergew\u00f6hnliche Langlebigkeit und geringes Gewicht<br \/>\nUnsere LiFePO4-Lithium-Eisen-Batterien bieten 5000+ Zyklen im Vergleich zu 300~500 Zyklen bei Blei-S\u00e4ure-Batterien. Die Lebensdauer von LiFePO4-Batterien ist 8 bis 10 Mal l\u00e4nger als die von Standard-Bleis\u00e4urebatterien. Dies tr\u00e4gt dazu bei, die Austauschkosten zu minimieren und die Gesamtbetriebskosten zu senken. Und das Gewicht der Lithium-Eisen-Phosphat-Batterie ist 30% leichter als die Blei-S\u00e4ure-Batterie mit der gleichen Kapazit\u00e4t, so dass Sie es leichter tragen k\u00f6nnen.<\/p>","protected":false},"excerpt":{"rendered":"<p>24V Wohnmobil Lithium Batterie, 24V Wohnmobil Zusatzbatterie, 24V 200Ah LiFePO4 Wohnmobil Batterie, 24V 50Ah LiFePO4 Wohnmobil Batterie<\/p>","protected":false},"featured_media":823,"template":"","meta":{"_gspb_post_css":""},"product_brand":[],"product_cat":[494,493,499,498,492],"product_tag":[250,251,249,248],"class_list":{"0":"post-490","1":"product","2":"type-product","3":"status-publish","4":"has-post-thumbnail","6":"product_cat-12v-lifepo4-battery","7":"product_cat-12v-rv-lifepo4-battery","8":"product_cat-24v-lifepo4-battery","9":"product_cat-24v-rv-lifepo4-battery","10":"product_cat-rv-lifepo4-battery","11":"product_tag-24v-200ah-lifepo4-rv-battery","12":"product_tag-24v-50ah-lifepo4-rv-battery","13":"product_tag-24v-rv-auxiliary-battery","14":"product_tag-24v-travel-trailer-lithium-battery","16":"first","17":"instock","18":"featured","19":"shipping-taxable","20":"product-type-simple"},"_links":{"self":[{"href":"https:\/\/coresparkbattery.com\/de\/wp-json\/wp\/v2\/product\/490","targetHints":{"allow":["GET"]}}],"collection":[{"href":"https:\/\/coresparkbattery.com\/de\/wp-json\/wp\/v2\/product"}],"about":[{"href":"https:\/\/coresparkbattery.com\/de\/wp-json\/wp\/v2\/types\/product"}],"wp:featuredmedia":[{"embeddable":true,"href":"https:\/\/coresparkbattery.com\/de\/wp-json\/wp\/v2\/media\/823"}],"wp:attachment":[{"href":"https:\/\/coresparkbattery.com\/de\/wp-json\/wp\/v2\/media?parent=490"}],"wp:term":[{"taxonomy":"product_brand","embeddable":true,"href":"https:\/\/coresparkbattery.com\/de\/wp-json\/wp\/v2\/product_brand?post=490"},{"taxonomy":"product_cat","embeddable":true,"href":"https:\/\/coresparkbattery.com\/de\/wp-json\/wp\/v2\/product_cat?post=490"},{"taxonomy":"product_tag","embeddable":true,"href":"https:\/\/coresparkbattery.com\/de\/wp-json\/wp\/v2\/product_tag?post=490"}],"curies":[{"name":"wp","href":"https:\/\/api.w.org\/{rel}","templated":true}]}}