{"id":487,"date":"2026-04-28T08:15:37","date_gmt":"2026-04-28T08:15:37","guid":{"rendered":"https:\/\/coresparkbattery.com\/deep-cycle-lifepo4-battery-12v-12-8v-100ah-200ah-300ah-400ah-460ah-lithium-iron-phosphate-battery-lifepo4-battery-pack-for-rv\/"},"modified":"2026-04-28T11:59:58","modified_gmt":"2026-04-28T11:59:58","slug":"deep-cycle-lifepo4-battery-12v-12-8v-100ah-200ah-300ah-400ah-460ah-lithium-iron-phosphate-battery-lifepo4-battery-pack-for-rv","status":"publish","type":"product","link":"https:\/\/coresparkbattery.com\/de\/deep-cycle-lifepo4-battery-12v-12-8v-100ah-200ah-300ah-400ah-460ah-lithium-iron-phosphate-battery-lifepo4-battery-pack-for-rv\/","title":{"rendered":"Deep Cycle Lifepo4 Batterie 12v 12.8V 100ah 200ah 300ah 400ah 460ah Lithium-Eisen-Phosphat-Batterie Lifepo4 Batteriepack f\u00fcr RV"},"content":{"rendered":"<p>Aufger\u00fcstetes 250A BMS und Low Temp Cutoff<br \/>\nNach jahrelanger Forschung und Erprobung haben wir Zellen der G\u00fcteklasse A verwendet, die f\u00fcr den Einsatz in Wohnmobilen und Wohnwagen besser geeignet sind und der Batterie bei jedem Zyklus eine starke und stabile Leistung verleihen. Machen Sie Ihre Reise problemlos. Und der Schutz bei niedrigen Temperaturen verhindert eine Besch\u00e4digung der Batterie bei niedrigen Temperaturen.<\/p>\n<p>Max. 51.2V 1840Ah erweiterbare Kapazit\u00e4t &amp; 5 Jahre Garantie<br \/>\nLithium-Eisen-Phosphat-Batterie 12V 460Ah LiFePO4-Batterien k\u00f6nnen auf max erweitert werden. 4P4S als ein 51.2V 1840Ah Batteriesystem, um 51.2kW Ausgangsleistung und 94.2kWh nutzbare Energie zu erhalten.Vatrer Power bietet eine f\u00fcnfj\u00e4hrige Garantie f\u00fcr alle Batterien. 24 Stunden freundliche und professionelle Kundenbetreuung, jede Frage f\u00fchlen sich bitte frei, uns zu kontaktieren.<\/p>\n<p>Mobile APP-\u00dcberwachung<br \/>\n12V 460Ah RV Batterie hat eine APP-Funktion hinzugef\u00fcgt. Kunden k\u00f6nnen die Batterie durch Mobile APP verbinden, \u00fcberwachen oder steuern die Batterie verschiedene Daten (SOC) in Echtzeit.<\/p>","protected":false},"excerpt":{"rendered":"<p>12V LiFePO4 RV Batterie leicht, 12V LiFePO4 RV Batterie schlank, 12V LiFePO4 RV Batterie kompakt, 12V LiFePO4 RV Batterie wartungsfrei, 12V LiFePO4 RV Batterie sicher<\/p>","protected":false},"featured_media":1120,"template":"","meta":{"_gspb_post_css":""},"product_brand":[],"product_cat":[494,493,492],"product_tag":[235,529,236,237,530],"class_list":{"0":"post-487","1":"product","2":"type-product","3":"status-publish","4":"has-post-thumbnail","6":"product_cat-12v-lifepo4-battery","7":"product_cat-12v-rv-lifepo4-battery","8":"product_cat-rv-lifepo4-battery","9":"product_tag-12v-lifepo4-rv-battery-compact","10":"product_tag-12v-lifepo4-rv-battery-lightweight","11":"product_tag-12v-lifepo4-rv-battery-maintenance-free","12":"product_tag-12v-lifepo4-rv-battery-safe","13":"product_tag-12v-lifepo4-rv-battery-slim-design","15":"first","16":"instock","17":"featured","18":"shipping-taxable","19":"product-type-simple"},"_links":{"self":[{"href":"https:\/\/coresparkbattery.com\/de\/wp-json\/wp\/v2\/product\/487","targetHints":{"allow":["GET"]}}],"collection":[{"href":"https:\/\/coresparkbattery.com\/de\/wp-json\/wp\/v2\/product"}],"about":[{"href":"https:\/\/coresparkbattery.com\/de\/wp-json\/wp\/v2\/types\/product"}],"wp:featuredmedia":[{"embeddable":true,"href":"https:\/\/coresparkbattery.com\/de\/wp-json\/wp\/v2\/media\/1120"}],"wp:attachment":[{"href":"https:\/\/coresparkbattery.com\/de\/wp-json\/wp\/v2\/media?parent=487"}],"wp:term":[{"taxonomy":"product_brand","embeddable":true,"href":"https:\/\/coresparkbattery.com\/de\/wp-json\/wp\/v2\/product_brand?post=487"},{"taxonomy":"product_cat","embeddable":true,"href":"https:\/\/coresparkbattery.com\/de\/wp-json\/wp\/v2\/product_cat?post=487"},{"taxonomy":"product_tag","embeddable":true,"href":"https:\/\/coresparkbattery.com\/de\/wp-json\/wp\/v2\/product_tag?post=487"}],"curies":[{"name":"wp","href":"https:\/\/api.w.org\/{rel}","templated":true}]}}