{"id":486,"date":"2026-04-28T08:15:37","date_gmt":"2026-04-28T08:15:37","guid":{"rendered":"https:\/\/coresparkbattery.com\/hot-sale-12v-400ah-460ah-bluetooth-version-lifepo4-battery-pack-built-in-250a-bms-lithium-battery-for-power-backup-rv-camper\/"},"modified":"2026-04-28T09:47:57","modified_gmt":"2026-04-28T09:47:57","slug":"hot-sale-12v-400ah-460ah-bluetooth-version-lifepo4-battery-pack-built-in-250a-bms-lithium-battery-for-power-backup-rv-camper","status":"publish","type":"product","link":"https:\/\/coresparkbattery.com\/de\/hot-sale-12v-400ah-460ah-bluetooth-version-lifepo4-battery-pack-built-in-250a-bms-lithium-battery-for-power-backup-rv-camper\/","title":{"rendered":"Hei\u00dfer Verkauf 12v 400ah 460ah Bluetooth Version Lifepo4 Battery Pack Built-in 250A BMS Lithium Batterie f\u00fcr Power Backup Rv Camper"},"content":{"rendered":"<p>V\u00f6llig neues Design, Rundum-Sicherheit<br \/>\nDie 460-Ah-Lithium-Wohnmobilbatterie ist dank des neu eingef\u00fchrten hochwertigen SPCC-Batteriegeh\u00e4uses verschlei\u00dffest und langlebig, und wir haben das interne Layout und die Konstruktion optimiert. Die Batterie ist au\u00dferdem mit einem Hauptschalter ausgestattet, mit dem sie auf Knopfdruck ein- und ausgeschaltet werden kann. Auf der Oberseite befinden sich ein Thermometer und ein Hygrometer, die die Temperatur und Luftfeuchtigkeit der Batterie in Echtzeit anzeigen.<\/p>\n<p>Kompakt in der Gr\u00f6\u00dfe Max on Power<br \/>\nDie 12V 460Ah LiFePO4 Wohnmobilbatterie entspricht der Energie von 5 x 100Ah Batterien, nimmt aber nur 1,1ft\u00b3 Platz ein und ist kleiner als 5x100ah Batterien. Au\u00dferdem ist sie einfacher zu warten und zu installieren, ohne dass \u00fcberm\u00e4\u00dfige Kabel und Geld ben\u00f6tigt werden. Hilft Ihnen, Geld und Platz zu sparen.<\/p>\n<p>Mobile APP-\u00dcberwachung<br \/>\n12V 460Ah RV Batterie hat eine APP-Funktion hinzugef\u00fcgt. Kunden k\u00f6nnen die Batterie durch Mobile APP verbinden, \u00fcberwachen oder steuern die Batterie verschiedene Daten (SOC) in Echtzeit.<\/p>","protected":false},"excerpt":{"rendered":"<p>12V LiFePO4 Wohnmobil-Akku parallelf\u00e4hig, 12V LiFePO4 Wohnmobil-Akku serienf\u00e4hig, 12V LiFePO4 Wohnmobil-Akku erweiterbar, 12V LiFePO4 Wohnmobil-Akku lange Lebensdauer<\/p>","protected":false},"featured_media":808,"template":"","meta":{"_gspb_post_css":""},"product_brand":[],"product_cat":[494,493,492],"product_tag":[232,233,230,231],"class_list":{"0":"post-486","1":"product","2":"type-product","3":"status-publish","4":"has-post-thumbnail","6":"product_cat-12v-lifepo4-battery","7":"product_cat-12v-rv-lifepo4-battery","8":"product_cat-rv-lifepo4-battery","9":"product_tag-12v-lifepo4-rv-battery-expandable","10":"product_tag-12v-lifepo4-rv-battery-long-cycle-life","11":"product_tag-12v-lifepo4-rv-battery-parallel-capable","12":"product_tag-12v-lifepo4-rv-battery-series-capable","14":"first","15":"instock","16":"featured","17":"shipping-taxable","18":"product-type-simple"},"_links":{"self":[{"href":"https:\/\/coresparkbattery.com\/de\/wp-json\/wp\/v2\/product\/486","targetHints":{"allow":["GET"]}}],"collection":[{"href":"https:\/\/coresparkbattery.com\/de\/wp-json\/wp\/v2\/product"}],"about":[{"href":"https:\/\/coresparkbattery.com\/de\/wp-json\/wp\/v2\/types\/product"}],"wp:featuredmedia":[{"embeddable":true,"href":"https:\/\/coresparkbattery.com\/de\/wp-json\/wp\/v2\/media\/808"}],"wp:attachment":[{"href":"https:\/\/coresparkbattery.com\/de\/wp-json\/wp\/v2\/media?parent=486"}],"wp:term":[{"taxonomy":"product_brand","embeddable":true,"href":"https:\/\/coresparkbattery.com\/de\/wp-json\/wp\/v2\/product_brand?post=486"},{"taxonomy":"product_cat","embeddable":true,"href":"https:\/\/coresparkbattery.com\/de\/wp-json\/wp\/v2\/product_cat?post=486"},{"taxonomy":"product_tag","embeddable":true,"href":"https:\/\/coresparkbattery.com\/de\/wp-json\/wp\/v2\/product_tag?post=486"}],"curies":[{"name":"wp","href":"https:\/\/api.w.org\/{rel}","templated":true}]}}