{"id":478,"date":"2026-04-28T08:15:36","date_gmt":"2026-04-28T08:15:36","guid":{"rendered":"https:\/\/coresparkbattery.com\/2026-new-12v-100ah-200ah-deep-cycle-lifepo4-battery-5-years-warrant-lithium-battery-for-rv-camper-marine-solar\/"},"modified":"2026-04-28T09:39:20","modified_gmt":"2026-04-28T09:39:20","slug":"2026-new-12v-100ah-200ah-deep-cycle-lifepo4-battery-5-years-warrant-lithium-battery-for-rv-camper-marine-solar","status":"publish","type":"product","link":"https:\/\/coresparkbattery.com\/de\/2026-new-12v-100ah-200ah-deep-cycle-lifepo4-battery-5-years-warrant-lithium-battery-for-rv-camper-marine-solar\/","title":{"rendered":"2026 Neue 12v 100ah 200ah Deep Cycle Lifepo4 Batterie 5 Jahre Garantie Lithium-Batterie f\u00fcr RV\/Camper, Marine, Solar"},"content":{"rendered":"<p>Eingebautes 100A BMS und Niedertemperaturabschaltung<br \/>\nDie Deep-Cycle-Batterie verf\u00fcgt \u00fcber ein integriertes 100-A-BMS, das sie vor \u00dcberladung, \u00dcberentladung, \u00dcberstrom und Kurzschluss mit einer ausgezeichneten niedrigen Selbstentladungsrate sch\u00fctzt. Die Hochtemperaturabschaltung verhindert eine Aufladung \u00fcber 75\u00b0C (167\u00b0F). Und Niedertemperatur-Abschaltschutz<br \/>\nverhindert Batteriesch\u00e4den in Umgebungen mit niedrigen Temperaturen.<\/p>\n<p>Fortschrittliche Lithium-Eisen-Technologie<br \/>\n100Ah Lithium-Batterie, hergestellt aus LiFePO4-Zellen in Automobilqualit\u00e4t mit h\u00f6herer Energiedichte, stabilerer Leistung und gr\u00f6\u00dferer Leistung. Ausgezeichnete Zyklusleistung, schnelles Laden und Entladen, Ladeeffizienz bis zu 100% und hohe Ausgangsleistung. Ohne Memory-Effekt, egal in welchem Zustand die Batterie ist, kann sie sofort nach dem Aufladen verwendet werden. Unterst\u00fctzt die Erweiterung auf bis zu 4 Serien- und 4 Parallelbatterien und ist f\u00fcr die Speicherung von elektrischer Energie geeignet.<\/p>","protected":false},"excerpt":{"rendered":"<p>12V 300Ah LiFePO4 Wohnmobil Batterie, 12V 400Ah LiFePO4 Wohnmobil Batterie, 12V 80Ah LiFePO4 Wohnmobil Batterie, 12V 120Ah LiFePO4 Wohnmobil Batterie<\/p>","protected":false},"featured_media":770,"template":"","meta":{"_gspb_post_css":""},"product_brand":[],"product_cat":[494,493,492],"product_tag":[197,194,195,196],"class_list":{"0":"post-478","1":"product","2":"type-product","3":"status-publish","4":"has-post-thumbnail","6":"product_cat-12v-lifepo4-battery","7":"product_cat-12v-rv-lifepo4-battery","8":"product_cat-rv-lifepo4-battery","9":"product_tag-12v-120ah-lifepo4-rv-battery","10":"product_tag-12v-300ah-lifepo4-rv-battery","11":"product_tag-12v-400ah-lifepo4-rv-battery","12":"product_tag-12v-80ah-lifepo4-rv-battery","14":"first","15":"instock","16":"featured","17":"shipping-taxable","18":"product-type-simple"},"_links":{"self":[{"href":"https:\/\/coresparkbattery.com\/de\/wp-json\/wp\/v2\/product\/478","targetHints":{"allow":["GET"]}}],"collection":[{"href":"https:\/\/coresparkbattery.com\/de\/wp-json\/wp\/v2\/product"}],"about":[{"href":"https:\/\/coresparkbattery.com\/de\/wp-json\/wp\/v2\/types\/product"}],"wp:featuredmedia":[{"embeddable":true,"href":"https:\/\/coresparkbattery.com\/de\/wp-json\/wp\/v2\/media\/770"}],"wp:attachment":[{"href":"https:\/\/coresparkbattery.com\/de\/wp-json\/wp\/v2\/media?parent=478"}],"wp:term":[{"taxonomy":"product_brand","embeddable":true,"href":"https:\/\/coresparkbattery.com\/de\/wp-json\/wp\/v2\/product_brand?post=478"},{"taxonomy":"product_cat","embeddable":true,"href":"https:\/\/coresparkbattery.com\/de\/wp-json\/wp\/v2\/product_cat?post=478"},{"taxonomy":"product_tag","embeddable":true,"href":"https:\/\/coresparkbattery.com\/de\/wp-json\/wp\/v2\/product_tag?post=478"}],"curies":[{"name":"wp","href":"https:\/\/api.w.org\/{rel}","templated":true}]}}