{"id":476,"date":"2026-04-28T08:15:36","date_gmt":"2026-04-28T08:15:36","guid":{"rendered":"https:\/\/coresparkbattery.com\/12v-50ah-lithium-battery-lifepo4-lithium-ion-battery-deep-cycle-fot-solar-systems-12v-solar-battery\/"},"modified":"2026-04-28T09:36:56","modified_gmt":"2026-04-28T09:36:56","slug":"12v-50ah-lithium-battery-lifepo4-lithium-ion-battery-deep-cycle-fot-solar-systems-12v-solar-battery","status":"publish","type":"product","link":"https:\/\/coresparkbattery.com\/de\/12v-50ah-lithium-battery-lifepo4-lithium-ion-battery-deep-cycle-fot-solar-systems-12v-solar-battery\/","title":{"rendered":"12V 50Ah Lithium Batterie Lifepo4 Lithium Ionen Batterie Deep Cycle Fot Solar Systeme 12v Solar Batterie"},"content":{"rendered":"<p>Eingebautes 50A BMS und Niedertemperaturabschaltung<br \/>\nDie Deep-Cycle-Batterie verf\u00fcgt \u00fcber ein integriertes 100-A-BMS zum Schutz vor \u00dcberladung, \u00dcberentladung, \u00dcberstrom und Kurzschluss mit einer ausgezeichneten niedrigen Selbstentladungsrate. Die Hochtemperaturabschaltung verhindert das Aufladen bei \u00fcber 75\u00b0C (167\u00b0F). Und Niedertemperatur-Abschaltschutz<br \/>\nverhindert, dass die Batterie bei niedrigen Temperaturen besch\u00e4digt wird.<\/p>\n<p>Fortschrittliche Lithium-Eisen-Technologie<br \/>\n50Ah Lithium-Batterie, hergestellt aus LiFePO4-Zellen in Automobilqualit\u00e4t mit h\u00f6herer Energiedichte, stabilerer Leistung und gr\u00f6\u00dferer Leistung. Ausgezeichnete Zyklusleistung, schnelles Laden und Entladen, Ladeeffizienz bis zu 100% und hohe Ausgangsleistung. Ohne Memory-Effekt, egal in welchem Zustand die Batterie ist, kann sie sofort nach dem Aufladen verwendet werden. Unterst\u00fctzt die Erweiterung auf bis zu 4 Serien- und 4 Parallelbatterien und ist f\u00fcr die Speicherung von elektrischer Energie geeignet.<\/p>\n<p>Au\u00dfergew\u00f6hnliche Langlebigkeit und geringes Gewicht<br \/>\nUnsere LiFePO4-Lithium-Eisen-Batterien bieten mehr als 5000 Zyklen im Vergleich zu 300-500 Zyklen bei Blei-S\u00e4ure-Batterien. Die Lebensdauer von LiFePO4-Batterien ist 8- bis 10-mal l\u00e4nger als die von Standard-Bleis\u00e4urebatterien und tr\u00e4gt dazu bei, die Austauschkosten zu minimieren und die Gesamtkosten zu senken.<br \/>\nBetriebskosten. Und das Gewicht der Lithium-Eisenphosphat-Batterie ist 30% leichter als die Bleis\u00e4urebatterie mit derselben Kapazit\u00e4t, so dass Sie sie leichter tragen k\u00f6nnen.<\/p>","protected":false},"excerpt":{"rendered":"<p>12 V wartungsfreie Wohnmobilbatterie, 12 V Wohnmobilbatterie mit hoher Kapazit\u00e4t, Wohnmobilbatterie LiFePO4 12.8 V, wiederaufladbare Wohnmobilbatterie 12 V<\/p>","protected":false},"featured_media":756,"template":"","meta":{"_gspb_post_css":""},"product_brand":[],"product_cat":[494,493,492],"product_tag":[186,185,188,187],"class_list":{"0":"post-476","1":"product","2":"type-product","3":"status-publish","4":"has-post-thumbnail","6":"product_cat-12v-lifepo4-battery","7":"product_cat-12v-rv-lifepo4-battery","8":"product_cat-rv-lifepo4-battery","9":"product_tag-12v-high-capacity-rv-battery","10":"product_tag-12v-maintenance-free-rv-battery","11":"product_tag-12v-rechargeable-rv-battery","12":"product_tag-rv-lifepo4-battery-12-8v","14":"first","15":"instock","16":"featured","17":"shipping-taxable","18":"product-type-simple"},"_links":{"self":[{"href":"https:\/\/coresparkbattery.com\/de\/wp-json\/wp\/v2\/product\/476","targetHints":{"allow":["GET"]}}],"collection":[{"href":"https:\/\/coresparkbattery.com\/de\/wp-json\/wp\/v2\/product"}],"about":[{"href":"https:\/\/coresparkbattery.com\/de\/wp-json\/wp\/v2\/types\/product"}],"wp:featuredmedia":[{"embeddable":true,"href":"https:\/\/coresparkbattery.com\/de\/wp-json\/wp\/v2\/media\/756"}],"wp:attachment":[{"href":"https:\/\/coresparkbattery.com\/de\/wp-json\/wp\/v2\/media?parent=476"}],"wp:term":[{"taxonomy":"product_brand","embeddable":true,"href":"https:\/\/coresparkbattery.com\/de\/wp-json\/wp\/v2\/product_brand?post=476"},{"taxonomy":"product_cat","embeddable":true,"href":"https:\/\/coresparkbattery.com\/de\/wp-json\/wp\/v2\/product_cat?post=476"},{"taxonomy":"product_tag","embeddable":true,"href":"https:\/\/coresparkbattery.com\/de\/wp-json\/wp\/v2\/product_tag?post=476"}],"curies":[{"name":"wp","href":"https:\/\/api.w.org\/{rel}","templated":true}]}}