{"id":470,"date":"2026-04-28T08:15:35","date_gmt":"2026-04-28T08:15:35","guid":{"rendered":"https:\/\/coresparkbattery.com\/12v-7ah-lithium-ion-lifepo4-battery-pack-rechargeable-deep-cycle-energy-storage-battery-for-ups-solar-energy-system\/"},"modified":"2026-04-28T09:30:16","modified_gmt":"2026-04-28T09:30:16","slug":"12v-7ah-lithium-ion-lifepo4-battery-pack-rechargeable-deep-cycle-energy-storage-battery-for-ups-solar-energy-system","status":"publish","type":"product","link":"https:\/\/coresparkbattery.com\/de\/12v-7ah-lithium-ion-lifepo4-battery-pack-rechargeable-deep-cycle-energy-storage-battery-for-ups-solar-energy-system\/","title":{"rendered":"12v 7ah Lithium Ion Lifepo4 Batterie Pack Wiederaufladbare Deep Cycle Energie Speicher Batterie f\u00fcr UPS\/Solar Energie System"},"content":{"rendered":"<p>Aufger\u00fcstetes 12A BMS<br \/>\nDie Deep-Cycle-Batterie verf\u00fcgt \u00fcber ein integriertes 12-A-BMS zum Schutz vor \u00dcberladung, \u00dcberentladung, \u00dcberstrom und Kurzschluss mit einer ausgezeichneten niedrigen Selbstentladungsrate. Die Hochtemperaturabschaltung verhindert das Aufladen bei \u00fcber 75\u00b0C (167\u00b0F).<\/p>\n<p>Fortschrittliche Lithium-Eisen-Technologie<br \/>\n7Ah Lithium-Batterie, hergestellt aus LiFePO4-Zellen in Automobilqualit\u00e4t mit h\u00f6herer Energiedichte, stabilerer Leistung und gr\u00f6\u00dferer Leistung. Ausgezeichnete Zyklusleistung, schnelles Laden und Entladen, Ladeeffizienz bis zu 100% und hohe Ausgangsleistung. Ohne Memory-Effekt, egal in welchem Zustand die Batterie ist, kann sie sofort nach dem Aufladen verwendet werden. Unterst\u00fctzt Batterieerweiterung f\u00fcr bis zu<br \/>\nbis 4 in Reihe und 4 parallel und geeignet f\u00fcr die Speicherung elektrischer Energie.<\/p>\n<p>LiFePo4-Akku<br \/>\n12,8V 7Ah<br \/>\n12,8V 12Ah<br \/>\n12,8V 20Ah<br \/>\n12,8V 30Ah<br \/>\n12,8V 50Ah<br \/>\nNennspannung<br \/>\n12.8V<br \/>\n12.8V<br \/>\n12.8V<br \/>\n12.8V<br \/>\n12.8V<br \/>\nLadung Spannung<br \/>\n14,2V-14,6V<br \/>\n14,2V-14,6V<br \/>\n14,2V-14,6V<br \/>\n14,2V-14,6V<br \/>\n14,2V-14,6V<br \/>\nGewicht<br \/>\n0.95KG\/2.09LB<br \/>\n1.5KG\/3.30LB<br \/>\n2.8KG\/6.17LB<br \/>\n4.2KG\/9.25LB<br \/>\n5.5KG\/12LB<br \/>\nEnergie<br \/>\n89,6Wh<br \/>\n153,6Wh<br \/>\n256Wh<br \/>\n384Wh<br \/>\n640Wh<br \/>\nMax. kontinuierlicher Ladestrom<br \/>\n12A<br \/>\n12A<br \/>\n20A<br \/>\n30A<br \/>\n50A<br \/>\nMax. kontinuierlicher Entladestrom<br \/>\n12A<br \/>\n12A<br \/>\n20A<br \/>\n30A<br \/>\n50A<br \/>\nEmpfohlener Ladestrom<br \/>\n1.4A(0.2C)<br \/>\n2.4A(0.2C)<br \/>\n4A(0.2C)<br \/>\n6A(0.2C)<br \/>\n10A(0.2C)<br \/>\nMaximale Last \/ Wechselrichterleistung<br \/>\n89.6W<br \/>\n153.6W<br \/>\n256W<br \/>\n384W<br \/>\n640W<\/p>","protected":false},"excerpt":{"rendered":"<p>12V Wohnmobil-LiFePO4-Batterie, 12V Lithium-Wohnmobil-Batterie, LiFePO4-Batterie f\u00fcr Wohnmobil, Wohnmobil-Lithium-Eisenphosphat-Batterie<\/p>","protected":false},"featured_media":732,"template":"","meta":{"_gspb_post_css":""},"product_brand":[],"product_cat":[494,493,492],"product_tag":[161,160,162,163],"class_list":{"0":"post-470","1":"product","2":"type-product","3":"status-publish","4":"has-post-thumbnail","6":"product_cat-12v-lifepo4-battery","7":"product_cat-12v-rv-lifepo4-battery","8":"product_cat-rv-lifepo4-battery","9":"product_tag-12v-lithium-rv-battery","10":"product_tag-12v-rv-lifepo4-battery","11":"product_tag-lifepo4-battery-for-rv","12":"product_tag-rv-lithium-iron-phosphate-battery","14":"first","15":"instock","16":"featured","17":"shipping-taxable","18":"product-type-simple"},"_links":{"self":[{"href":"https:\/\/coresparkbattery.com\/de\/wp-json\/wp\/v2\/product\/470","targetHints":{"allow":["GET"]}}],"collection":[{"href":"https:\/\/coresparkbattery.com\/de\/wp-json\/wp\/v2\/product"}],"about":[{"href":"https:\/\/coresparkbattery.com\/de\/wp-json\/wp\/v2\/types\/product"}],"wp:featuredmedia":[{"embeddable":true,"href":"https:\/\/coresparkbattery.com\/de\/wp-json\/wp\/v2\/media\/732"}],"wp:attachment":[{"href":"https:\/\/coresparkbattery.com\/de\/wp-json\/wp\/v2\/media?parent=470"}],"wp:term":[{"taxonomy":"product_brand","embeddable":true,"href":"https:\/\/coresparkbattery.com\/de\/wp-json\/wp\/v2\/product_brand?post=470"},{"taxonomy":"product_cat","embeddable":true,"href":"https:\/\/coresparkbattery.com\/de\/wp-json\/wp\/v2\/product_cat?post=470"},{"taxonomy":"product_tag","embeddable":true,"href":"https:\/\/coresparkbattery.com\/de\/wp-json\/wp\/v2\/product_tag?post=470"}],"curies":[{"name":"wp","href":"https:\/\/api.w.org\/{rel}","templated":true}]}}