{"id":462,"date":"2026-04-28T08:15:34","date_gmt":"2026-04-28T08:15:34","guid":{"rendered":"https:\/\/coresparkbattery.com\/oem-factory-lifepo4-golf-cart-lithium-battery-51-2v-100ah-105ah150ah-lifepo4-battery-pack-for-golf-cart\/"},"modified":"2026-04-28T09:20:50","modified_gmt":"2026-04-28T09:20:50","slug":"oem-factory-lifepo4-golf-cart-lithium-battery-51-2v-100ah-105ah150ah-lifepo4-battery-pack-for-golf-cart","status":"publish","type":"product","link":"https:\/\/coresparkbattery.com\/de\/oem-factory-lifepo4-golf-cart-lithium-battery-51-2v-100ah-105ah150ah-lifepo4-battery-pack-for-golf-cart\/","title":{"rendered":"OEM Factory Lifepo4 Golf Cart Lithium Batterie 51.2V 100ah 105Ah150ah Lifepo4 Batterie Pack f\u00fcr Golf Cart"},"content":{"rendered":"<p>Erstklassige Leistung<br \/>\nDie 48V 105Ah LiFePO4-Batterie f\u00fcr Golfwagen wird aus erstklassigen prismatischen LiFePO4-Zellen der Klasse A hergestellt und hat eine kompakte Energie von 5,37kWh, was 4 St\u00fcck 12V 100Ah LiFePO4 in 4S entspricht (sogar 8 St\u00fcck 12V 100Ah AGM-Batterien in 8S). Es hat eine gro\u00dfe 10.24kW<br \/>\nmit geringer Selbstentladung, geringem Kapazit\u00e4tsverlust, stabilerer Leistung und einem Dauerentladestrom von bis zu 200A (Peak 400A 35S, 600A 3S), was 50% leistungsf\u00e4higer ist als andere Lithium-Batterien gleicher Gr\u00f6\u00dfe.<\/p>\n<p>Mobile APP-\u00dcberwachung<br \/>\nGolf Cart Batterie hat eine APP-Funktion hinzugef\u00fcgt. Kunden k\u00f6nnen die Batterie durch Mobile APP anschlie\u00dfen, lesen oder steuern die Batterie verschiedene Daten (SOC) in Echtzeit.<\/p>","protected":false},"excerpt":{"rendered":"<p>51.2V 100Ah Golf Cart Batterie, 51.2V 150Ah Golf Cart Batterie, 51.2V 200Ah Golf Cart Batterie, 12V 100Ah Golf Cart Batterie<\/p>","protected":false},"featured_media":692,"template":"","meta":{"_gspb_post_css":""},"product_brand":[],"product_cat":[487,15],"product_tag":[128,125,126,127],"class_list":{"0":"post-462","1":"product","2":"type-product","3":"status-publish","4":"has-post-thumbnail","6":"product_cat-51-2v-golf-cart-battery","7":"product_cat-golf-cart-battery","8":"product_tag-12v-100ah-golf-cart-battery","9":"product_tag-51-2v-100ah-golf-cart-battery","10":"product_tag-51-2v-150ah-golf-cart-battery","11":"product_tag-51-2v-200ah-golf-cart-battery","13":"first","14":"instock","15":"featured","16":"shipping-taxable","17":"product-type-simple"},"_links":{"self":[{"href":"https:\/\/coresparkbattery.com\/de\/wp-json\/wp\/v2\/product\/462","targetHints":{"allow":["GET"]}}],"collection":[{"href":"https:\/\/coresparkbattery.com\/de\/wp-json\/wp\/v2\/product"}],"about":[{"href":"https:\/\/coresparkbattery.com\/de\/wp-json\/wp\/v2\/types\/product"}],"wp:featuredmedia":[{"embeddable":true,"href":"https:\/\/coresparkbattery.com\/de\/wp-json\/wp\/v2\/media\/692"}],"wp:attachment":[{"href":"https:\/\/coresparkbattery.com\/de\/wp-json\/wp\/v2\/media?parent=462"}],"wp:term":[{"taxonomy":"product_brand","embeddable":true,"href":"https:\/\/coresparkbattery.com\/de\/wp-json\/wp\/v2\/product_brand?post=462"},{"taxonomy":"product_cat","embeddable":true,"href":"https:\/\/coresparkbattery.com\/de\/wp-json\/wp\/v2\/product_cat?post=462"},{"taxonomy":"product_tag","embeddable":true,"href":"https:\/\/coresparkbattery.com\/de\/wp-json\/wp\/v2\/product_tag?post=462"}],"curies":[{"name":"wp","href":"https:\/\/api.w.org\/{rel}","templated":true}]}}