{"id":461,"date":"2026-04-28T08:15:34","date_gmt":"2026-04-28T08:15:34","guid":{"rendered":"https:\/\/coresparkbattery.com\/bluetooth-lifepo4-golf-cart-battery-51-2v-100ah-105ah-150ah-lithium-battery-conversion-kits-with-charger-for-golf-cart\/"},"modified":"2026-04-28T09:19:58","modified_gmt":"2026-04-28T09:19:58","slug":"bluetooth-lifepo4-golf-cart-battery-51-2v-100ah-105ah-150ah-lithium-battery-conversion-kits-with-charger-for-golf-cart","status":"publish","type":"product","link":"https:\/\/coresparkbattery.com\/de\/bluetooth-lifepo4-golf-cart-battery-51-2v-100ah-105ah-150ah-lithium-battery-conversion-kits-with-charger-for-golf-cart\/","title":{"rendered":"Bluetooth Lifepo4 Golf Cart Batterie 51.2V 100Ah 105Ah 150Ah Lithium Batterie Umbau Kits mit Ladeger\u00e4t f\u00fcr Golf Cart"},"content":{"rendered":"<p>Erstklassige Leistung<br \/>\nDie 48V 105Ah LiFePO4-Batterie f\u00fcr Golfwagen wird aus erstklassigen prismatischen LiFePO4-Zellen der Klasse A hergestellt und hat eine kompakte Energie von 5,37kWh, was 4 St\u00fcck 12V 100Ah LiFePO4 in 4S entspricht (sogar 8 St\u00fcck 12V 100Ah AGM-Batterien in 8S). Es hat eine gro\u00dfe 10.24kW<br \/>\nmit geringer Selbstentladung, geringem Kapazit\u00e4tsverlust, stabilerer Leistung und einem Dauerentladestrom von bis zu 200A (Peak 400A 35S, 600A 3S), was 50% leistungsf\u00e4higer ist als andere Lithium-Batterien gleicher Gr\u00f6\u00dfe.<\/p>\n<p>BUILT-IN 200A BMS &amp; Mehrfachschutz<br \/>\n48V 105Ah LiFePO4-Akku mit eingebautem 200A-Batterie-Management-System (BMS) bietet Schutz vor \u00dcberladung\/Entladung, \u00dcberstrom, hohen\/niedrigen Temperaturen und Kurzschluss. Mit guter thermischer und chemischer Stabilit\u00e4t. Wartungsfrei, keine t\u00e4glichen Wartungsarbeiten und -kosten.<\/p>","protected":false},"excerpt":{"rendered":"<p>36V 150Ah Golf Cart Batterie, 36V 200Ah Golf Cart Batterie, 72V 100Ah Golf Cart Batterie, 72V 150Ah Golf Cart Batterie<\/p>","protected":false},"featured_media":687,"template":"","meta":{"_gspb_post_css":""},"product_brand":[],"product_cat":[487,15],"product_tag":[121,122,123,124],"class_list":{"0":"post-461","1":"product","2":"type-product","3":"status-publish","4":"has-post-thumbnail","6":"product_cat-51-2v-golf-cart-battery","7":"product_cat-golf-cart-battery","8":"product_tag-36v-150ah-golf-cart-battery","9":"product_tag-36v-200ah-golf-cart-battery","10":"product_tag-72v-100ah-golf-cart-battery","11":"product_tag-72v-150ah-golf-cart-battery","13":"first","14":"instock","15":"featured","16":"shipping-taxable","17":"product-type-simple"},"_links":{"self":[{"href":"https:\/\/coresparkbattery.com\/de\/wp-json\/wp\/v2\/product\/461","targetHints":{"allow":["GET"]}}],"collection":[{"href":"https:\/\/coresparkbattery.com\/de\/wp-json\/wp\/v2\/product"}],"about":[{"href":"https:\/\/coresparkbattery.com\/de\/wp-json\/wp\/v2\/types\/product"}],"wp:featuredmedia":[{"embeddable":true,"href":"https:\/\/coresparkbattery.com\/de\/wp-json\/wp\/v2\/media\/687"}],"wp:attachment":[{"href":"https:\/\/coresparkbattery.com\/de\/wp-json\/wp\/v2\/media?parent=461"}],"wp:term":[{"taxonomy":"product_brand","embeddable":true,"href":"https:\/\/coresparkbattery.com\/de\/wp-json\/wp\/v2\/product_brand?post=461"},{"taxonomy":"product_cat","embeddable":true,"href":"https:\/\/coresparkbattery.com\/de\/wp-json\/wp\/v2\/product_cat?post=461"},{"taxonomy":"product_tag","embeddable":true,"href":"https:\/\/coresparkbattery.com\/de\/wp-json\/wp\/v2\/product_tag?post=461"}],"curies":[{"name":"wp","href":"https:\/\/api.w.org\/{rel}","templated":true}]}}