{"id":457,"date":"2026-04-28T08:15:34","date_gmt":"2026-04-28T08:15:34","guid":{"rendered":"https:\/\/coresparkbattery.com\/customized-48v-60v-72v105ah-lithium-ion-golf-cart-battery-pack-lifepo4-lithium-battery-pack-for-golf-cart\/"},"modified":"2026-04-28T09:11:15","modified_gmt":"2026-04-28T09:11:15","slug":"customized-48v-60v-72v105ah-lithium-ion-golf-cart-battery-pack-lifepo4-lithium-battery-pack-for-golf-cart","status":"publish","type":"product","link":"https:\/\/coresparkbattery.com\/de\/customized-48v-60v-72v105ah-lithium-ion-golf-cart-battery-pack-lifepo4-lithium-battery-pack-for-golf-cart\/","title":{"rendered":"Ma\u00dfgeschneiderte 48v 60v 72v105Ah Lithium-Ionen-Golfwagen-Batterie Pack Lifepo4 Lithium-Batterie Pack f\u00fcr Golfwagen"},"content":{"rendered":"<p>Diese Golfwagenbatterie ist der einzige Originalhersteller auf der Plattform. Suchen Sie nach BYPOWER Lifepo4 Batterie. Wir sind bestrebt, erschwingliche, exklusive LiFePO4-Batterien zu bauen, sch\u00e4tzen das Feedback jedes Benutzers und bieten den h\u00f6chsten Standard an Service f\u00fcr Kunden.<\/p>","protected":false},"excerpt":{"rendered":"<p>LiFePO4 Golf Cart Batterie Schnell-Ladung, LiFePO4 Golf Cart Batterie, Deep Cycle, Wartungsfrei, LiFePO4 Golf Cart Batterie Wasserdicht<\/p>","protected":false},"featured_media":667,"template":"","meta":{"_gspb_post_css":""},"product_brand":[],"product_cat":[489,15],"product_tag":[513,41,106,515,514],"class_list":{"0":"post-457","1":"product","2":"type-product","3":"status-publish","4":"has-post-thumbnail","6":"product_cat-48v-golf-cart-battery","7":"product_cat-golf-cart-battery","8":"product_tag-deep-cycle","9":"product_tag-lifepo4-golf-cart-battery","10":"product_tag-lifepo4-golf-cart-battery-fast-charge","11":"product_tag-lifepo4-golf-cart-battery-waterproof","12":"product_tag-maintenance-free","14":"first","15":"instock","16":"featured","17":"shipping-taxable","18":"product-type-simple"},"_links":{"self":[{"href":"https:\/\/coresparkbattery.com\/de\/wp-json\/wp\/v2\/product\/457","targetHints":{"allow":["GET"]}}],"collection":[{"href":"https:\/\/coresparkbattery.com\/de\/wp-json\/wp\/v2\/product"}],"about":[{"href":"https:\/\/coresparkbattery.com\/de\/wp-json\/wp\/v2\/types\/product"}],"wp:featuredmedia":[{"embeddable":true,"href":"https:\/\/coresparkbattery.com\/de\/wp-json\/wp\/v2\/media\/667"}],"wp:attachment":[{"href":"https:\/\/coresparkbattery.com\/de\/wp-json\/wp\/v2\/media?parent=457"}],"wp:term":[{"taxonomy":"product_brand","embeddable":true,"href":"https:\/\/coresparkbattery.com\/de\/wp-json\/wp\/v2\/product_brand?post=457"},{"taxonomy":"product_cat","embeddable":true,"href":"https:\/\/coresparkbattery.com\/de\/wp-json\/wp\/v2\/product_cat?post=457"},{"taxonomy":"product_tag","embeddable":true,"href":"https:\/\/coresparkbattery.com\/de\/wp-json\/wp\/v2\/product_tag?post=457"}],"curies":[{"name":"wp","href":"https:\/\/api.w.org\/{rel}","templated":true}]}}