{"id":455,"date":"2026-04-28T08:15:33","date_gmt":"2026-04-28T08:15:33","guid":{"rendered":"https:\/\/coresparkbattery.com\/48v-105ah-golf-cart-lifepo4-battery-72v-lifepo4-batterie-golf-cart-battery-lithium-48-volt-105ah-160ah-200ah-300ah-2\/"},"modified":"2026-04-28T09:09:24","modified_gmt":"2026-04-28T09:09:24","slug":"48v-105ah-golf-cart-lifepo4-battery-72v-lifepo4-batterie-golf-cart-battery-lithium-48-volt-105ah-160ah-200ah-300ah-2","status":"publish","type":"product","link":"https:\/\/coresparkbattery.com\/de\/48v-105ah-golf-cart-lifepo4-battery-72v-lifepo4-batterie-golf-cart-battery-lithium-48-volt-105ah-160ah-200ah-300ah-2\/","title":{"rendered":"48v 105ah Golf Cart Lifepo4 Batterie 72v Lifepo4 Batterie Golf Cart Batterie Lithium 48 Volt 105ah 160ah 200ah 300ah"},"content":{"rendered":"<p>Erstklassige Leistung<br \/>\nDie 48V 105Ah LiFePO4-Batterie f\u00fcr Golfwagen wird aus erstklassigen prismatischen LiFePO4-Zellen der Klasse A hergestellt und hat eine kompakte Energie von 5,37kWh, was 4 St\u00fcck 12V 100Ah LiFePO4 in 4S entspricht (sogar 8 St\u00fcck 12V 100Ah AGM-Batterien in 8S). Es hat eine gro\u00dfe 10.24kW<br \/>\nmit geringer Selbstentladung, geringem Kapazit\u00e4tsverlust, stabilerer Leistung und einem Dauerentladestrom von bis zu 200A (Peak 400A 35S, 600A 3S), was 50% leistungsf\u00e4higer ist als andere Lithium-Batterien gleicher Gr\u00f6\u00dfe.<\/p>","protected":false},"excerpt":{"rendered":"<p>LiFePO4 Golf Cart Battery 200Ah, LiFePO4 Golf Cart Battery mit BMS, LiFePO4 Golf Cart Battery mit Ladeger\u00e4t, LiFePO4 Golf Cart Battery Replacement<\/p>","protected":false},"featured_media":657,"template":"","meta":{"_gspb_post_css":""},"product_brand":[],"product_cat":[489,488,15],"product_tag":[100,103,101,102],"class_list":{"0":"post-455","1":"product","2":"type-product","3":"status-publish","4":"has-post-thumbnail","6":"product_cat-48v-golf-cart-battery","7":"product_cat-76-8v-golf-cart-battery","8":"product_cat-golf-cart-battery","9":"product_tag-lifepo4-golf-cart-battery-200ah","10":"product_tag-lifepo4-golf-cart-battery-replacement","11":"product_tag-lifepo4-golf-cart-battery-with-bms","12":"product_tag-lifepo4-golf-cart-battery-with-charger","14":"first","15":"instock","16":"featured","17":"shipping-taxable","18":"product-type-simple"},"_links":{"self":[{"href":"https:\/\/coresparkbattery.com\/de\/wp-json\/wp\/v2\/product\/455","targetHints":{"allow":["GET"]}}],"collection":[{"href":"https:\/\/coresparkbattery.com\/de\/wp-json\/wp\/v2\/product"}],"about":[{"href":"https:\/\/coresparkbattery.com\/de\/wp-json\/wp\/v2\/types\/product"}],"wp:featuredmedia":[{"embeddable":true,"href":"https:\/\/coresparkbattery.com\/de\/wp-json\/wp\/v2\/media\/657"}],"wp:attachment":[{"href":"https:\/\/coresparkbattery.com\/de\/wp-json\/wp\/v2\/media?parent=455"}],"wp:term":[{"taxonomy":"product_brand","embeddable":true,"href":"https:\/\/coresparkbattery.com\/de\/wp-json\/wp\/v2\/product_brand?post=455"},{"taxonomy":"product_cat","embeddable":true,"href":"https:\/\/coresparkbattery.com\/de\/wp-json\/wp\/v2\/product_cat?post=455"},{"taxonomy":"product_tag","embeddable":true,"href":"https:\/\/coresparkbattery.com\/de\/wp-json\/wp\/v2\/product_tag?post=455"}],"curies":[{"name":"wp","href":"https:\/\/api.w.org\/{rel}","templated":true}]}}