{"id":450,"date":"2026-04-28T08:15:33","date_gmt":"2026-04-28T08:15:33","guid":{"rendered":"https:\/\/coresparkbattery.com\/38-4v-48v-51-2v-72v-50ah-100ah-105ah-160ah-lifepo4-golf-cart-battery-lithium-ion-lifepo4-battery-for-club-car-golf-cart\/"},"modified":"2026-04-28T09:03:20","modified_gmt":"2026-04-28T09:03:20","slug":"38-4v-48v-51-2v-72v-50ah-100ah-105ah-160ah-lifepo4-golf-cart-battery-lithium-ion-lifepo4-battery-for-club-car-golf-cart","status":"publish","type":"product","link":"https:\/\/coresparkbattery.com\/de\/38-4v-48v-51-2v-72v-50ah-100ah-105ah-160ah-lifepo4-golf-cart-battery-lithium-ion-lifepo4-battery-for-club-car-golf-cart\/","title":{"rendered":"38.4v 48v 51.2v 72v 50ah 100ah 105ah 160ah Lifepo4 Golf Cart Batterie Lithium Ion Lifepo4 Batterie f\u00fcr Club Car Golf Cart"},"content":{"rendered":"<p>Erstklassige Leistung<br \/>\n36V 105Ah Golfwagen LiFePO4-Batterie hat eine kompakte 4.03kWh Energie, die 3pcs 12V 100Ah LiFePO4-Batterien in 3S (oder sogar 6pcs 12V 100Ah AGM-Batterien in 6S) entspricht. Unsere LiFePO4-Batterie hat eine gro\u00dfe 7680w Leistung mit geringer Selbstentladung, niedrige<br \/>\nKapazit\u00e4tsverlust und stabilere Leistung, kontinuierlicher Entladestrom bis zu 200A (Peak 400A 35S), die 50% ist leistungsf\u00e4higer als die anderen gleichgro\u00dfen Lithium-Batterie.<\/p>\n<p>BUILT-IN 200A BMS &amp; Mehrfachschutz<br \/>\n36V 105Ah LiFePO4-Akku mit integriertem 200A-Batterie-Management-System (BMS) bietet Schutz vor \u00dcberladung\/Entladung, \u00dcberstrom, hohen\/niedrigen Temperaturen und Kurzschluss. Mit guter thermischer und chemischer Stabilit\u00e4t. Wartungsfrei, keine t\u00e4glichen Wartungsarbeiten und -kosten.<\/p>","protected":false},"excerpt":{"rendered":"<p>Golf Cart Batterie mit BMS, Golf Cart Batterie 100Ah, Golf Cart Batterie 150Ah, Golf Cart Batterie 200Ah<\/p>","protected":false},"featured_media":631,"template":"","meta":{"_gspb_post_css":""},"product_brand":[],"product_cat":[489,487,488,15],"product_tag":[83,84,85,82],"class_list":{"0":"post-450","1":"product","2":"type-product","3":"status-publish","4":"has-post-thumbnail","6":"product_cat-48v-golf-cart-battery","7":"product_cat-51-2v-golf-cart-battery","8":"product_cat-76-8v-golf-cart-battery","9":"product_cat-golf-cart-battery","10":"product_tag-golf-cart-battery-100ah","11":"product_tag-golf-cart-battery-150ah","12":"product_tag-golf-cart-battery-200ah","13":"product_tag-golf-cart-battery-with-bms","15":"first","16":"instock","17":"featured","18":"shipping-taxable","19":"product-type-simple"},"_links":{"self":[{"href":"https:\/\/coresparkbattery.com\/de\/wp-json\/wp\/v2\/product\/450","targetHints":{"allow":["GET"]}}],"collection":[{"href":"https:\/\/coresparkbattery.com\/de\/wp-json\/wp\/v2\/product"}],"about":[{"href":"https:\/\/coresparkbattery.com\/de\/wp-json\/wp\/v2\/types\/product"}],"wp:featuredmedia":[{"embeddable":true,"href":"https:\/\/coresparkbattery.com\/de\/wp-json\/wp\/v2\/media\/631"}],"wp:attachment":[{"href":"https:\/\/coresparkbattery.com\/de\/wp-json\/wp\/v2\/media?parent=450"}],"wp:term":[{"taxonomy":"product_brand","embeddable":true,"href":"https:\/\/coresparkbattery.com\/de\/wp-json\/wp\/v2\/product_brand?post=450"},{"taxonomy":"product_cat","embeddable":true,"href":"https:\/\/coresparkbattery.com\/de\/wp-json\/wp\/v2\/product_cat?post=450"},{"taxonomy":"product_tag","embeddable":true,"href":"https:\/\/coresparkbattery.com\/de\/wp-json\/wp\/v2\/product_tag?post=450"}],"curies":[{"name":"wp","href":"https:\/\/api.w.org\/{rel}","templated":true}]}}