{"id":447,"date":"2026-04-28T08:15:33","date_gmt":"2026-04-28T08:15:33","guid":{"rendered":"https:\/\/coresparkbattery.com\/36v-38-4v-48v-51-2v-72v-50ah-100ah-105ah-160ah-lifepo4-golf-cart-battery-lithium-ion-lifepo4-battery-for-club-car-golf-cart\/"},"modified":"2026-04-28T08:59:24","modified_gmt":"2026-04-28T08:59:24","slug":"36v-38-4v-48v-51-2v-72v-50ah-100ah-105ah-160ah-lifepo4-golf-cart-battery-lithium-ion-lifepo4-battery-for-club-car-golf-cart","status":"publish","type":"product","link":"https:\/\/coresparkbattery.com\/de\/36v-38-4v-48v-51-2v-72v-50ah-100ah-105ah-160ah-lifepo4-golf-cart-battery-lithium-ion-lifepo4-battery-for-club-car-golf-cart\/","title":{"rendered":"36v 38.4v 48v 51.2v 72v 50ah 100ah 105ah 160ah Lifepo4 Golf Cart Batterie Lithium Ion Lifepo4 Batterie f\u00fcr Club Car Golf Cart"},"content":{"rendered":"<p>Spezielles Design und LCD-Bildschirm<br \/>\nDie Lithium-Batterie ist speziell f\u00fcr 36V Golf Carts, mit mehr Energie und hervorragende Leistung entwickelt. Die Batterie ist mit den wichtigsten Marken-Golfwagen-Controllern auf dem Markt kompatibel. Und kommt mit einem 43.8V 25A LiFePO4 Ladeger\u00e4t, das schnelles Laden unterst\u00fctzt.die Batterie kommt mit einem 2,8-Zoll-Touchscreen, die Sie Batterieinformationen in Echtzeit auf dem LCD-Bildschirm anzeigen k\u00f6nnen.<\/p>\n<p>Mobile APP-\u00dcberwachung<br \/>\nGolf Cart Batterie hat eine APP-Funktion hinzugef\u00fcgt. Kunden k\u00f6nnen die Batterie durch Mobile APP anschlie\u00dfen, lesen oder steuern die Batterie verschiedene Daten (SOC) in Echtzeit.<\/p>","protected":false},"excerpt":{"rendered":"<p>36V Golf Cart Batterie, 72V Golf Cart Batterie, Golf Cart Lithium Batterie, Deep Cycle Golf Cart Batterie<\/p>","protected":false},"featured_media":611,"template":"","meta":{"_gspb_post_css":""},"product_brand":[],"product_cat":[489,487,488,15],"product_tag":[63,77,78,64],"class_list":{"0":"post-447","1":"product","2":"type-product","3":"status-publish","4":"has-post-thumbnail","6":"product_cat-48v-golf-cart-battery","7":"product_cat-51-2v-golf-cart-battery","8":"product_cat-76-8v-golf-cart-battery","9":"product_cat-golf-cart-battery","10":"product_tag-36v-golf-cart-battery","11":"product_tag-72v-golf-cart-battery","12":"product_tag-deep-cycle-golf-cart-battery","13":"product_tag-golf-cart-lithium-battery","15":"first","16":"instock","17":"featured","18":"shipping-taxable","19":"product-type-simple"},"_links":{"self":[{"href":"https:\/\/coresparkbattery.com\/de\/wp-json\/wp\/v2\/product\/447","targetHints":{"allow":["GET"]}}],"collection":[{"href":"https:\/\/coresparkbattery.com\/de\/wp-json\/wp\/v2\/product"}],"about":[{"href":"https:\/\/coresparkbattery.com\/de\/wp-json\/wp\/v2\/types\/product"}],"wp:featuredmedia":[{"embeddable":true,"href":"https:\/\/coresparkbattery.com\/de\/wp-json\/wp\/v2\/media\/611"}],"wp:attachment":[{"href":"https:\/\/coresparkbattery.com\/de\/wp-json\/wp\/v2\/media?parent=447"}],"wp:term":[{"taxonomy":"product_brand","embeddable":true,"href":"https:\/\/coresparkbattery.com\/de\/wp-json\/wp\/v2\/product_brand?post=447"},{"taxonomy":"product_cat","embeddable":true,"href":"https:\/\/coresparkbattery.com\/de\/wp-json\/wp\/v2\/product_cat?post=447"},{"taxonomy":"product_tag","embeddable":true,"href":"https:\/\/coresparkbattery.com\/de\/wp-json\/wp\/v2\/product_tag?post=447"}],"curies":[{"name":"wp","href":"https:\/\/api.w.org\/{rel}","templated":true}]}}