{"id":445,"date":"2026-04-28T08:15:33","date_gmt":"2026-04-28T08:15:33","guid":{"rendered":"https:\/\/coresparkbattery.com\/25-6v-50ah-100ah-105ah-160ah-golf-cart-lithium-lon-battery-with-bluetooth-lifepo4-battery-atv\/"},"modified":"2026-04-28T08:57:33","modified_gmt":"2026-04-28T08:57:33","slug":"25-6v-50ah-100ah-105ah-160ah-golf-cart-lithium-lon-battery-with-bluetooth-lifepo4-battery-atv","status":"publish","type":"product","link":"https:\/\/coresparkbattery.com\/de\/25-6v-50ah-100ah-105ah-160ah-golf-cart-lithium-lon-battery-with-bluetooth-lifepo4-battery-atv\/","title":{"rendered":"25.6V 50ah 100ah 105ah 160ah Golf Cart Lithium Lon Batterie mit Bluetooth Lifepo4 Batterie ATV"},"content":{"rendered":"<p>Ladespannung 43,8V(3,65V\/Zelle)<br \/>\nEntladeschlussspannung 30V(2,5V\/Zelle)<br \/>\nNennspannung 38,4 V (3,2 V\/Zelle)<br \/>\nMindestkapazit\u00e4t 105Ah @ 0,5C Entladung<br \/>\nNennkapazit\u00e4t 105Ah @0,5C Entladung<br \/>\nNennenergie 4032Wh @0,5C Entladung<br \/>\nKontinuierlicher Ladestrom 55A<br \/>\nMax. Ladestrom 100A<br \/>\nMax. Entladestrom 200A (Spitzenwert 400A 35s)<br \/>\nPack Gewicht \u00fcber 74.9Lb (34 Kg)<br \/>\nWarum uns w\u00e4hlen<br \/>\n* ISO 9001-zertifiziertes Unternehmen<br \/>\n* F&amp;E-Team mit erfahrenen Ingenieuren und Designern<br \/>\n* OEM&amp;ODM-Fachleute<br \/>\n* Mehrere Produktionslinien und mehrere Produktionsmitarbeiter<br \/>\n* Strenge Kontrolle der Produktqualit\u00e4t, hohe Qualit\u00e4tskontrolle<br \/>\n* Integration der Produktion<\/p>","protected":false},"excerpt":{"rendered":"<p>Golfwagenbatterie mit gro\u00dfer Reichweite f\u00fcr den ganzt\u00e4gigen Einsatz, leichte LiFePO4-Batterie f\u00fcr die Aufr\u00fcstung von Golfwagen, wartungsfreie Golfwagen-Lithiumbatterie, 51,2 V Golfwagenbatterie mit BMS-Schutz<\/p>","protected":false},"featured_media":601,"template":"","meta":{"_gspb_post_css":""},"product_brand":[],"product_cat":[490,15],"product_tag":[76,74,73,75],"class_list":{"0":"post-445","1":"product","2":"type-product","3":"status-publish","4":"has-post-thumbnail","6":"product_cat-25-6v-golf-cart-battery","7":"product_cat-golf-cart-battery","8":"product_tag-51-2v-golf-cart-battery-with-bms-protection","9":"product_tag-lightweight-lifepo4-battery-for-golf-cart-upgrade","10":"product_tag-long-range-golf-cart-battery-for-all-day-use","11":"product_tag-maintenance-free-golf-cart-lithium-battery","13":"first","14":"instock","15":"featured","16":"shipping-taxable","17":"product-type-simple"},"_links":{"self":[{"href":"https:\/\/coresparkbattery.com\/de\/wp-json\/wp\/v2\/product\/445","targetHints":{"allow":["GET"]}}],"collection":[{"href":"https:\/\/coresparkbattery.com\/de\/wp-json\/wp\/v2\/product"}],"about":[{"href":"https:\/\/coresparkbattery.com\/de\/wp-json\/wp\/v2\/types\/product"}],"wp:featuredmedia":[{"embeddable":true,"href":"https:\/\/coresparkbattery.com\/de\/wp-json\/wp\/v2\/media\/601"}],"wp:attachment":[{"href":"https:\/\/coresparkbattery.com\/de\/wp-json\/wp\/v2\/media?parent=445"}],"wp:term":[{"taxonomy":"product_brand","embeddable":true,"href":"https:\/\/coresparkbattery.com\/de\/wp-json\/wp\/v2\/product_brand?post=445"},{"taxonomy":"product_cat","embeddable":true,"href":"https:\/\/coresparkbattery.com\/de\/wp-json\/wp\/v2\/product_cat?post=445"},{"taxonomy":"product_tag","embeddable":true,"href":"https:\/\/coresparkbattery.com\/de\/wp-json\/wp\/v2\/product_tag?post=445"}],"curies":[{"name":"wp","href":"https:\/\/api.w.org\/{rel}","templated":true}]}}