{"id":442,"date":"2026-04-28T08:15:32","date_gmt":"2026-04-28T08:15:32","guid":{"rendered":"https:\/\/coresparkbattery.com\/36v-105ah-lithium-iron-phosphate-battery-bluetooth-enabled-deep-cycle-golf-cart-battery-for-club-car\/"},"modified":"2026-04-28T08:54:28","modified_gmt":"2026-04-28T08:54:28","slug":"36v-105ah-lithium-iron-phosphate-battery-bluetooth-enabled-deep-cycle-golf-cart-battery-for-club-car","status":"publish","type":"product","link":"https:\/\/coresparkbattery.com\/de\/36v-105ah-lithium-iron-phosphate-battery-bluetooth-enabled-deep-cycle-golf-cart-battery-for-club-car\/","title":{"rendered":"36V 105Ah Lithium-Eisen-Phosphat-Batterie Bluetooth-f\u00e4hig, Deep Cycle Golf Cart Batterie f\u00fcr Club Car"},"content":{"rendered":"<p>Anwendung: Haushaltsger\u00e4te, Boote, Golfwagen, Solarenergiespeichersysteme<br \/>\nModellnummer:36V 48V 72V(36V)<br \/>\nGewicht:34kg<br \/>\nProduktbezeichnung:36V 105AH LiFePO4 Golf Cart Batterie<br \/>\nLebensdauer:4000 Mal pro Zyklus<br \/>\nOEM\/ODM: Annehmbar<br \/>\nTyp:Lithium-Eisen-Phosphat<br \/>\nGr\u00f6\u00dfe:433*334*285\u00b13mm<\/p>\n<p>Erstklassige Leistung<br \/>\n36V 105Ah Golfwagen LiFePO4-Batterie hat eine kompakte 4.03kWh Energie, die 3pcs 12V 100Ah LiFePO4-Batterien in 3S (oder sogar 6pcs 12V 100Ah AGM-Batterien in 6S) entspricht. Unsere LiFePO4-Batterie hat eine gro\u00dfe 7680w Leistung mit geringer Selbstentladung, niedrige<br \/>\nKapazit\u00e4tsverlust und stabilere Leistung, kontinuierlicher Entladestrom bis zu 200A (Peak 400A 35S), die 50% ist leistungsf\u00e4higer als die anderen gleichgro\u00dfen Lithium-Batterie.<\/p>\n<p>BUILT-IN 200A BMS &amp; Mehrfachschutz<br \/>\n36V 105Ah LiFePO4-Akku mit integriertem 200A-Batterie-Management-System (BMS) bietet Schutz vor \u00dcberladung\/Entladung, \u00dcberstrom, hohen\/niedrigen Temperaturen und Kurzschluss. Mit guter thermischer und chemischer Stabilit\u00e4t. Wartungsfrei, keine t\u00e4glichen Wartungsarbeiten und -kosten.<\/p>","protected":false},"excerpt":{"rendered":"<p>Golf Cart Batterie, 48V Golf Cart Batterie, 36V Golf Cart Batterie, LiFePO4 Golf Cart Batterie<\/p>","protected":false},"featured_media":586,"template":"","meta":{"_gspb_post_css":""},"product_brand":[],"product_cat":[15],"product_tag":[63,46,39,41],"class_list":{"0":"post-442","1":"product","2":"type-product","3":"status-publish","4":"has-post-thumbnail","6":"product_cat-golf-cart-battery","7":"product_tag-36v-golf-cart-battery","8":"product_tag-48v-golf-cart-battery","9":"product_tag-golf-cart-battery","10":"product_tag-lifepo4-golf-cart-battery","12":"first","13":"instock","14":"featured","15":"shipping-taxable","16":"product-type-simple"},"_links":{"self":[{"href":"https:\/\/coresparkbattery.com\/de\/wp-json\/wp\/v2\/product\/442","targetHints":{"allow":["GET"]}}],"collection":[{"href":"https:\/\/coresparkbattery.com\/de\/wp-json\/wp\/v2\/product"}],"about":[{"href":"https:\/\/coresparkbattery.com\/de\/wp-json\/wp\/v2\/types\/product"}],"wp:featuredmedia":[{"embeddable":true,"href":"https:\/\/coresparkbattery.com\/de\/wp-json\/wp\/v2\/media\/586"}],"wp:attachment":[{"href":"https:\/\/coresparkbattery.com\/de\/wp-json\/wp\/v2\/media?parent=442"}],"wp:term":[{"taxonomy":"product_brand","embeddable":true,"href":"https:\/\/coresparkbattery.com\/de\/wp-json\/wp\/v2\/product_brand?post=442"},{"taxonomy":"product_cat","embeddable":true,"href":"https:\/\/coresparkbattery.com\/de\/wp-json\/wp\/v2\/product_cat?post=442"},{"taxonomy":"product_tag","embeddable":true,"href":"https:\/\/coresparkbattery.com\/de\/wp-json\/wp\/v2\/product_tag?post=442"}],"curies":[{"name":"wp","href":"https:\/\/api.w.org\/{rel}","templated":true}]}}