{"id":440,"date":"2026-04-28T08:15:32","date_gmt":"2026-04-28T08:15:32","guid":{"rendered":"https:\/\/coresparkbattery.com\/smart-bluetooth-48v-lithium-battery-36v-60v-72v-100ah-105ah-320ah-lifepo4-golf-cart-battery-with-lcd-display-charger\/"},"modified":"2026-04-28T08:51:11","modified_gmt":"2026-04-28T08:51:11","slug":"smart-bluetooth-48v-lithium-battery-36v-60v-72v-100ah-105ah-320ah-lifepo4-golf-cart-battery-with-lcd-display-charger","status":"publish","type":"product","link":"https:\/\/coresparkbattery.com\/de\/smart-bluetooth-48v-lithium-battery-36v-60v-72v-100ah-105ah-320ah-lifepo4-golf-cart-battery-with-lcd-display-charger\/","title":{"rendered":"Smart Bluetooth 48V Lithium Batterie 36V 60V 72V 100Ah 105Ah 320Ah LiFePO4 Golf Cart Batterie mit LCD Display Ladeger\u00e4t"},"content":{"rendered":"<p>Erstklassige Leistung<br \/>\nDie 48V 105Ah LiFePO4-Batterie f\u00fcr Golfwagen wird aus erstklassigen prismatischen LiFePO4-Zellen der Klasse A hergestellt und hat eine kompakte Energie von 5,37kWh, was 4 St\u00fcck 12V 100Ah LiFePO4 in 4S entspricht (sogar 8 St\u00fcck 12V 100Ah AGM-Batterien in 8S). Es hat eine gro\u00dfe 10.24kW<br \/>\nmit geringer Selbstentladung, geringem Kapazit\u00e4tsverlust, stabilerer Leistung und einem Dauerentladestrom von bis zu 200A (Peak 400A 35S, 600A 3S), was 50% leistungsf\u00e4higer ist als andere Lithium-Batterien gleicher Gr\u00f6\u00dfe.<\/p>\n<p>BUILT-IN 200A BMS &amp; Mehrfachschutz<br \/>\n48V 105Ah LiFePO4-Akku mit eingebautem 200A-Batterie-Management-System (BMS) bietet Schutz vor \u00dcberladung\/Entladung, \u00dcberstrom, hohen\/niedrigen Temperaturen und Kurzschluss. Mit guter thermischer und chemischer Stabilit\u00e4t. Wartungsfrei, keine t\u00e4glichen Wartungsarbeiten und -kosten.<\/p>\n<p>Au\u00dfergew\u00f6hnliche Langlebigkeit und einfache Handhabung<br \/>\nUnsere Lithium-Golfwagenbatterien bieten mehr als 4000 Zyklen im Vergleich zu 300-500 Zyklen bei Bleis\u00e4urebatterien. Dies tr\u00e4gt dazu bei, die Austauschkosten zu minimieren und die Gesamtbetriebskosten zu senken. Und das Gewicht der Lithium-Eisenphosphat-Batterie ist 50% leichter als die Blei-S\u00e4ure-Batterie der gleichen Kapazit\u00e4t, so dass sie einfacher zu handhaben und in Golfwagen zu installieren, wo der Platz begrenzt ist.<\/p>","protected":false},"excerpt":{"rendered":"<p>Golfwagen-Batterie-Upgrade, Golfwagen-Batterie-Umr\u00fcstung, Golfwagen-Batterie-Ladeger\u00e4t, Golfwagen-Batterie-Wartung<\/p>","protected":false},"featured_media":571,"template":"","meta":{"_gspb_post_css":""},"product_brand":[],"product_cat":[489,488,15],"product_tag":[57,56,58,55],"class_list":{"0":"post-440","1":"product","2":"type-product","3":"status-publish","4":"has-post-thumbnail","6":"product_cat-48v-golf-cart-battery","7":"product_cat-76-8v-golf-cart-battery","8":"product_cat-golf-cart-battery","9":"product_tag-golf-cart-battery-charger","10":"product_tag-golf-cart-battery-conversion","11":"product_tag-golf-cart-battery-maintenance","12":"product_tag-golf-cart-battery-upgrade","14":"first","15":"instock","16":"featured","17":"shipping-taxable","18":"product-type-simple"},"_links":{"self":[{"href":"https:\/\/coresparkbattery.com\/de\/wp-json\/wp\/v2\/product\/440","targetHints":{"allow":["GET"]}}],"collection":[{"href":"https:\/\/coresparkbattery.com\/de\/wp-json\/wp\/v2\/product"}],"about":[{"href":"https:\/\/coresparkbattery.com\/de\/wp-json\/wp\/v2\/types\/product"}],"wp:featuredmedia":[{"embeddable":true,"href":"https:\/\/coresparkbattery.com\/de\/wp-json\/wp\/v2\/media\/571"}],"wp:attachment":[{"href":"https:\/\/coresparkbattery.com\/de\/wp-json\/wp\/v2\/media?parent=440"}],"wp:term":[{"taxonomy":"product_brand","embeddable":true,"href":"https:\/\/coresparkbattery.com\/de\/wp-json\/wp\/v2\/product_brand?post=440"},{"taxonomy":"product_cat","embeddable":true,"href":"https:\/\/coresparkbattery.com\/de\/wp-json\/wp\/v2\/product_cat?post=440"},{"taxonomy":"product_tag","embeddable":true,"href":"https:\/\/coresparkbattery.com\/de\/wp-json\/wp\/v2\/product_tag?post=440"}],"curies":[{"name":"wp","href":"https:\/\/api.w.org\/{rel}","templated":true}]}}