{"id":439,"date":"2026-04-28T08:15:32","date_gmt":"2026-04-28T08:15:32","guid":{"rendered":"https:\/\/coresparkbattery.com\/long-cycle-life-48v-72v-lifepo4-golf-cart-battery-100ah-150ah-200ah-rechargeable-lithium-battery\/"},"modified":"2026-04-28T08:47:32","modified_gmt":"2026-04-28T08:47:32","slug":"long-cycle-life-48v-72v-lifepo4-golf-cart-battery-100ah-150ah-200ah-rechargeable-lithium-battery","status":"publish","type":"product","link":"https:\/\/coresparkbattery.com\/de\/long-cycle-life-48v-72v-lifepo4-golf-cart-battery-100ah-150ah-200ah-rechargeable-lithium-battery\/","title":{"rendered":"Langes Zyklusleben 48V 72V LiFePO4 Golf Cart Batterie 100Ah 150Ah 200Ah Wiederaufladbare Lithium Batterie"},"content":{"rendered":"<p>Anwendung\uff1aGolf Carts, Elektro-Gabelstapler, Elektrofahrzeuge<br \/>\nLebensdauer \uff1a4000 Zyklen<br \/>\nKathodenmaterialien\uff1aLiFePO4<br \/>\nBetriebstemperatur(\u2103)\uff1a10240W<br \/>\nDimension (L*W*H)\uff1a509*334*230\u00b13mm<br \/>\nModellnummer\uff1a36V 48V 72V(48V)<br \/>\nGewicht\uff1a46.5kg<br \/>\nZykluslebensdauer\uff1a4000 Mal<br \/>\nGewicht\uff1a46.5kg<br \/>\nGarantie\uff1a5 Jahre<br \/>\nGr\u00f6\u00dfe\uff1a509*334*230\u00b13mm<\/p>\n<p>BUILT-IN 200A BMS &amp; Mehrfachschutz<br \/>\n48V 105Ah LiFePO4-Akku mit eingebautem 200A-Batterie-Management-System (BMS) bietet Schutz vor \u00dcberladung\/Entladung, \u00dcberstrom, hohen\/niedrigen Temperaturen und Kurzschluss. Mit guter thermischer und chemischer Stabilit\u00e4t. Wartungsfrei, keine t\u00e4glichen Wartungsarbeiten und -kosten.<\/p>\n<p>Erstklassige Leistung<br \/>\nDie 48V 105Ah LiFePO4-Batterie f\u00fcr Golfwagen wird aus erstklassigen prismatischen LiFePO4-Zellen der Klasse A hergestellt und hat eine kompakte Energie von 5,37kWh, was 4 St\u00fcck 12V 100Ah LiFePO4 in 4S entspricht (sogar 8 St\u00fcck 12V 100Ah AGM-Batterien in 8S). Es hat eine gro\u00dfe 10.24kW<br \/>\nmit geringer Selbstentladung, geringem Kapazit\u00e4tsverlust, stabilerer Leistung und einem Dauerentladestrom von bis zu 200A (Peak 400A 35S, 600A 3S), was 50% leistungsf\u00e4higer ist als andere Lithium-Batterien gleicher Gr\u00f6\u00dfe.<\/p>","protected":false},"excerpt":{"rendered":"<p>Golfwagen-Batterie, Golfwagen-Batterien, Golfwagen-Batterie-Pack, Golfwagen-Batterie-Ersatz<\/p>","protected":false},"featured_media":566,"template":"","meta":{"_gspb_post_css":""},"product_brand":[],"product_cat":[489,488,15],"product_tag":[52,39,53,54],"class_list":{"0":"post-439","1":"product","2":"type-product","3":"status-publish","4":"has-post-thumbnail","6":"product_cat-48v-golf-cart-battery","7":"product_cat-76-8v-golf-cart-battery","8":"product_cat-golf-cart-battery","9":"product_tag-golf-cart-batteries","10":"product_tag-golf-cart-battery","11":"product_tag-golf-cart-battery-pack","12":"product_tag-golf-cart-battery-replacement","14":"first","15":"instock","16":"featured","17":"shipping-taxable","18":"product-type-simple"},"_links":{"self":[{"href":"https:\/\/coresparkbattery.com\/de\/wp-json\/wp\/v2\/product\/439","targetHints":{"allow":["GET"]}}],"collection":[{"href":"https:\/\/coresparkbattery.com\/de\/wp-json\/wp\/v2\/product"}],"about":[{"href":"https:\/\/coresparkbattery.com\/de\/wp-json\/wp\/v2\/types\/product"}],"wp:featuredmedia":[{"embeddable":true,"href":"https:\/\/coresparkbattery.com\/de\/wp-json\/wp\/v2\/media\/566"}],"wp:attachment":[{"href":"https:\/\/coresparkbattery.com\/de\/wp-json\/wp\/v2\/media?parent=439"}],"wp:term":[{"taxonomy":"product_brand","embeddable":true,"href":"https:\/\/coresparkbattery.com\/de\/wp-json\/wp\/v2\/product_brand?post=439"},{"taxonomy":"product_cat","embeddable":true,"href":"https:\/\/coresparkbattery.com\/de\/wp-json\/wp\/v2\/product_cat?post=439"},{"taxonomy":"product_tag","embeddable":true,"href":"https:\/\/coresparkbattery.com\/de\/wp-json\/wp\/v2\/product_tag?post=439"}],"curies":[{"name":"wp","href":"https:\/\/api.w.org\/{rel}","templated":true}]}}