{"id":437,"date":"2026-04-28T08:15:32","date_gmt":"2026-04-28T08:15:32","guid":{"rendered":"https:\/\/coresparkbattery.com\/new-launch-36v-105ah-lifepo4-battery-with-bluetooth-club-car-golf-cart-special\/"},"modified":"2026-04-28T08:45:25","modified_gmt":"2026-04-28T08:45:25","slug":"new-launch-36v-105ah-lifepo4-battery-with-bluetooth-club-car-golf-cart-special","status":"publish","type":"product","link":"https:\/\/coresparkbattery.com\/de\/new-launch-36v-105ah-lifepo4-battery-with-bluetooth-club-car-golf-cart-special\/","title":{"rendered":"Neueinf\u00fchrung 36V 105Ah LiFePO4 Batterie mit Bluetooth - Club Car Golf Cart Special"},"content":{"rendered":"<p>Erstklassige Leistung<br \/>\n36V 105Ah Golfwagen LiFePO4-Batterie hat eine kompakte 4.03kWh Energie, die 3pcs 12V 100Ah LiFePO4-Batterien in 3S (oder sogar 6pcs 12V 100Ah AGM-Batterien in 6S) entspricht. Unsere LiFePO4-Batterie hat eine gro\u00dfe 7680w Leistung mit geringer Selbstentladung, niedrige<br \/>\nKapazit\u00e4tsverlust und stabilere Leistung, kontinuierlicher Entladestrom bis zu 200A (Peak 400A 35S), die 50% ist leistungsf\u00e4higer als die anderen gleichgro\u00dfen Lithium-Batterie.<\/p>\n<p>BUILT-IN 200A BMS &amp; Mehrfachschutz<br \/>\n36V 105Ah LiFePO4-Akku mit integriertem 200A-Batterie-Management-System (BMS) bietet Schutz vor \u00dcberladung\/Entladung, \u00dcberstrom, hohen\/niedrigen Temperaturen und Kurzschluss. Mit guter thermischer und chemischer Stabilit\u00e4t. Wartungsfrei, keine t\u00e4glichen Wartungsarbeiten und -kosten.<\/p>\n<p>Mobile APP-\u00dcberwachung<br \/>\nGolf Cart Batterie hat eine APP-Funktion hinzugef\u00fcgt. Kunden k\u00f6nnen die Batterie durch Mobile APP anschlie\u00dfen, lesen oder steuern die Batterie verschiedene Daten (SOC) in Echtzeit.<\/p>","protected":false},"excerpt":{"rendered":"<p>48V 105Ah LiFePO4 Golf Cart Batterie, 36V Golf Cart Lithium Batterie, 48V Golf Cart Batterie, Golf Cart Batterie Lithium vs Blei-S\u00e4ure<\/p>","protected":false},"featured_media":556,"template":"","meta":{"_gspb_post_css":""},"product_brand":[],"product_cat":[489,15],"product_tag":[45,44,46,47],"class_list":{"0":"post-437","1":"product","2":"type-product","3":"status-publish","4":"has-post-thumbnail","6":"product_cat-48v-golf-cart-battery","7":"product_cat-golf-cart-battery","8":"product_tag-36v-golf-cart-lithium-battery","9":"product_tag-48v-105ah-lifepo4-golf-cart-battery","10":"product_tag-48v-golf-cart-battery","11":"product_tag-golf-cart-battery-lithium-vs-lead-acid","13":"first","14":"instock","15":"featured","16":"shipping-taxable","17":"product-type-simple"},"_links":{"self":[{"href":"https:\/\/coresparkbattery.com\/de\/wp-json\/wp\/v2\/product\/437","targetHints":{"allow":["GET"]}}],"collection":[{"href":"https:\/\/coresparkbattery.com\/de\/wp-json\/wp\/v2\/product"}],"about":[{"href":"https:\/\/coresparkbattery.com\/de\/wp-json\/wp\/v2\/types\/product"}],"wp:featuredmedia":[{"embeddable":true,"href":"https:\/\/coresparkbattery.com\/de\/wp-json\/wp\/v2\/media\/556"}],"wp:attachment":[{"href":"https:\/\/coresparkbattery.com\/de\/wp-json\/wp\/v2\/media?parent=437"}],"wp:term":[{"taxonomy":"product_brand","embeddable":true,"href":"https:\/\/coresparkbattery.com\/de\/wp-json\/wp\/v2\/product_brand?post=437"},{"taxonomy":"product_cat","embeddable":true,"href":"https:\/\/coresparkbattery.com\/de\/wp-json\/wp\/v2\/product_cat?post=437"},{"taxonomy":"product_tag","embeddable":true,"href":"https:\/\/coresparkbattery.com\/de\/wp-json\/wp\/v2\/product_tag?post=437"}],"curies":[{"name":"wp","href":"https:\/\/api.w.org\/{rel}","templated":true}]}}