{"id":436,"date":"2026-04-28T08:15:32","date_gmt":"2026-04-28T08:15:32","guid":{"rendered":"https:\/\/coresparkbattery.com\/custom-lifepo4-golf-cart-lithium-battery-72v-105ah-51-2v-60v-72v-100ah-105ah-150ah-200ah-lithium-battery-for-golf-cart\/"},"modified":"2026-04-28T09:28:31","modified_gmt":"2026-04-28T09:28:31","slug":"custom-lifepo4-golf-cart-lithium-battery-72v-105ah-51-2v-60v-72v-100ah-105ah-150ah-200ah-lithium-battery-for-golf-cart","status":"publish","type":"product","link":"https:\/\/coresparkbattery.com\/de\/custom-lifepo4-golf-cart-lithium-battery-72v-105ah-51-2v-60v-72v-100ah-105ah-150ah-200ah-lithium-battery-for-golf-cart\/","title":{"rendered":"Custom Lifepo4 Golf Cart Lithium Batterie 72v 105ah 51.2v 60v 72v 100ah 105ah 150ah 200ah Lithium Batterie f\u00fcr Golf Cart"},"content":{"rendered":"<p>Das 72V 105Ah Lithium-Golfcart-Batterie-Kit vereint eine hohe Leistungsabgabe mit fortschrittlichen Sicherheitskontrollen. Es liefert bis zu 14,08 kW Dauerleistung und 200 A Entladestrom mit Spitzenimpulsstr\u00f6men von 400 A 35 Sekunden oder 600 A 3 Sekunden, wodurch steile Steigungen und schwere Lasten problemlos bew\u00e4ltigt werden. Das eingebaute 200A-Batteriemanagementsystem BMS sch\u00fctzt die Batterie vor \u00dcberladung, \u00dcberentladung, Kurzschluss und \u00dcberhitzung. Die Wasser- und Staubschutzklasse IP67 sorgt f\u00fcr einen zuverl\u00e4ssigen Betrieb in rauen Umgebungen und macht jede Fahrt mit Ihrem Golfwagen reibungslos und sicher.<\/p>\n<p>Anmeldung<br \/>\nElektrowerkzeuge, Unterhaltungselektronik, Boote, Spielzeug, unterbrechungsfreie Stromversorgungen, elektrische Rollst\u00fchle, Solarenergiespeichersysteme, Golfwagen, elektrische Stromversorgungssysteme, elektrische Fahrr\u00e4der\/Scooter, elektrische Gabelstapler, U-Boote, Haushaltsger\u00e4te, Elektrofahrzeuge<br \/>\nBatterietyp\uff1aFestk\u00f6rper<br \/>\nLebensdauer\uff1a5000 Zyklen<br \/>\nKathodenmaterialien\uff1aLiFePO4<br \/>\nMaximale Ladungsmenge (Zellen)\uff1a7392wh<br \/>\nBetriebstemperatur(\u2103)\uff1aBis zu 60<br \/>\nMarkenname\uff1a OEM ODM<br \/>\nDimension (L*W*H)\uff1a558x307x269mm<\/p>","protected":false},"excerpt":{"rendered":"<p>Golf Cart Batterie, Lithium Golf Cart Batterie, LiFePO4 Golf Cart Batterie, Golf Cart Lithium Batterie Umbau<\/p>","protected":false},"featured_media":727,"template":"","meta":{"_gspb_post_css":""},"product_brand":[],"product_cat":[487,488,15],"product_tag":[39,42,41,40],"class_list":{"0":"post-436","1":"product","2":"type-product","3":"status-publish","4":"has-post-thumbnail","6":"product_cat-51-2v-golf-cart-battery","7":"product_cat-76-8v-golf-cart-battery","8":"product_cat-golf-cart-battery","9":"product_tag-golf-cart-battery","10":"product_tag-golf-cart-lithium-battery-conversion","11":"product_tag-lifepo4-golf-cart-battery","12":"product_tag-lithium-golf-cart-battery","14":"first","15":"instock","16":"featured","17":"shipping-taxable","18":"product-type-simple"},"_links":{"self":[{"href":"https:\/\/coresparkbattery.com\/de\/wp-json\/wp\/v2\/product\/436","targetHints":{"allow":["GET"]}}],"collection":[{"href":"https:\/\/coresparkbattery.com\/de\/wp-json\/wp\/v2\/product"}],"about":[{"href":"https:\/\/coresparkbattery.com\/de\/wp-json\/wp\/v2\/types\/product"}],"wp:featuredmedia":[{"embeddable":true,"href":"https:\/\/coresparkbattery.com\/de\/wp-json\/wp\/v2\/media\/727"}],"wp:attachment":[{"href":"https:\/\/coresparkbattery.com\/de\/wp-json\/wp\/v2\/media?parent=436"}],"wp:term":[{"taxonomy":"product_brand","embeddable":true,"href":"https:\/\/coresparkbattery.com\/de\/wp-json\/wp\/v2\/product_brand?post=436"},{"taxonomy":"product_cat","embeddable":true,"href":"https:\/\/coresparkbattery.com\/de\/wp-json\/wp\/v2\/product_cat?post=436"},{"taxonomy":"product_tag","embeddable":true,"href":"https:\/\/coresparkbattery.com\/de\/wp-json\/wp\/v2\/product_tag?post=436"}],"curies":[{"name":"wp","href":"https:\/\/api.w.org\/{rel}","templated":true}]}}